{"id":35,"date":"2026-02-11T14:52:21","date_gmt":"2026-02-11T14:52:21","guid":{"rendered":"https:\/\/lesexperiencesway.fr\/?page_id=35"},"modified":"2026-02-13T15:35:21","modified_gmt":"2026-02-13T15:35:21","slug":"bon-cadeau-atelier-peinture-aix-en-provence","status":"publish","type":"page","link":"https:\/\/lesexperiencesway.fr\/index.php\/bon-cadeau-atelier-peinture-aix-en-provence\/","title":{"rendered":"Bons cadeaux"},"content":{"rendered":"\n<div class=\"wp-block-cover alignfull is-light\" style=\"min-height:500px;aspect-ratio:unset;\"><img loading=\"lazy\" decoding=\"async\" width=\"1024\" height=\"331\" class=\"wp-block-cover__image-background wp-image-165 size-large\" alt=\"\" src=\"http:\/\/lesexperiencesway.fr\/wp-content\/uploads\/2026\/02\/APERO_PEINTURE_AIX_EN_PROVENCE_LES_EXPERIENCES_WAY_04-1024x331.jpg\" data-object-fit=\"cover\" srcset=\"https:\/\/lesexperiencesway.fr\/wp-content\/uploads\/2026\/02\/APERO_PEINTURE_AIX_EN_PROVENCE_LES_EXPERIENCES_WAY_04-1024x331.jpg 1024w, https:\/\/lesexperiencesway.fr\/wp-content\/uploads\/2026\/02\/APERO_PEINTURE_AIX_EN_PROVENCE_LES_EXPERIENCES_WAY_04-300x97.jpg 300w, https:\/\/lesexperiencesway.fr\/wp-content\/uploads\/2026\/02\/APERO_PEINTURE_AIX_EN_PROVENCE_LES_EXPERIENCES_WAY_04-768x248.jpg 768w, https:\/\/lesexperiencesway.fr\/wp-content\/uploads\/2026\/02\/APERO_PEINTURE_AIX_EN_PROVENCE_LES_EXPERIENCES_WAY_04-1536x497.jpg 1536w, https:\/\/lesexperiencesway.fr\/wp-content\/uploads\/2026\/02\/APERO_PEINTURE_AIX_EN_PROVENCE_LES_EXPERIENCES_WAY_04.jpg 1920w\" sizes=\"auto, (max-width: 1024px) 100vw, 1024px\" \/><span aria-hidden=\"true\" class=\"wp-block-cover__background has-background-dim-0 has-background-dim\" style=\"background-color:#beabb9\"><\/span><div class=\"wp-block-cover__inner-container has-global-padding is-layout-constrained wp-block-cover-is-layout-constrained\">\n<div class=\"wp-block-group is-vertical is-content-justification-center is-layout-flex wp-container-core-group-is-layout-27e8027c wp-block-group-is-layout-flex\" style=\"padding-top:0;padding-right:2.01rem;padding-bottom:0;padding-left:2.01rem\">\n<h1 class=\"wp-block-heading has-text-color has-prata-regular-font-family\" style=\"color:#203c7d;font-size:clamp(1.976rem, 1.976rem + ((1vw - 0.2rem) * 2.771), 3.5rem);\">Bon cadeau<\/h1>\n<\/div>\n<\/div><\/div>\n\n\n\n<h1 class=\"wp-block-heading has-text-align-center has-text-color has-link-color has-medium-font-size wp-elements-c8c075008f41b796474d330780d908b2\" style=\"color:#203c7d\"><strong>Bon cadeau Atelier Ap\u00e9ro &amp; Peinture \u00e0 Aix-en-Provence <\/strong><br><strong>Offrez un moment \u00e0 vivre<\/strong><\/h1>\n\n\n\n<p class=\"has-text-align-center\">Vous cherchez une id\u00e9e cadeau originale \u00e0 Aix-en-Provence ?<br>Offrez bien plus qu\u2019un objet : <strong>offrez une exp\u00e9rience<\/strong>.<br>Avec le bon cadeau <strong>Ap\u00e9ro &amp; Peinture<\/strong>, vous permettez \u00e0 quelqu\u2019un de s\u2019accorder une vraie pause &#8211; un moment pour cr\u00e9er, se d\u00e9tendre et partager une parenth\u00e8se conviviale.<br>Pas besoin de savoir peindre, juste l\u2019envie de passer un bon moment.<br>Et \u00e7a\u2026 c\u2019est un cadeau qui fait toujours plaisir.<\/p>\n\n\n\n<div class=\"wp-block-group alignwide has-global-padding is-layout-constrained wp-container-core-group-is-layout-3bef3681 wp-block-group-is-layout-constrained\" style=\"padding-top:4.51rem;padding-right:0;padding-bottom:4.51rem;padding-left:0\">\n<div class=\"wp-block-media-text alignwide has-media-on-the-right is-stacked-on-mobile\" style=\"margin-right:0;margin-left:0;padding-right:0;padding-left:0\"><div class=\"wp-block-media-text__content\">\n<div class=\"wp-block-group has-global-padding is-layout-constrained wp-container-core-group-is-layout-0395af79 wp-block-group-is-layout-constrained\" style=\"padding-top:4.51rem;padding-right:2.71rem;padding-bottom:4.51rem;padding-left:0\">\n<h2 class=\"wp-block-heading has-text-align-left has-text-color has-link-color wp-elements-a25f0c3e05de55c843dc1d095df059e1\" style=\"color:#203c7d;font-size:clamp(1.383rem, 1.383rem + ((1vw - 0.2rem) * 1.595), 2.26rem);\">Le cadeau parfait pour toutes les occasions<\/h2>\n\n\n\n<p>Quand on ne sait pas quoi offrir, une exp\u00e9rience reste souvent le meilleur choix.<\/p>\n\n\n\n<p>Notre bon cadeau s\u2019adapte \u00e0 toutes les envies :<\/p>\n\n\n\n<p>\ud83c\udf82 anniversaire<br>\ud83c\udf84 No\u00ebl<br>\u2764\ufe0f f\u00eate des m\u00e8res \/ f\u00eate des p\u00e8res<br>\ud83d\udc6f surprise entre amis<br>\ud83d\udc8c remerciement<br>\u2728 ou simplement pour faire plaisir<\/p>\n\n\n\n<p>C\u2019est le genre de cadeau qu\u2019on n\u2019ach\u00e8terait pas forc\u00e9ment pour soi &#8211; et qu\u2019on adore recevoir.<\/p>\n\n\n\n<div class=\"wp-block-buttons is-layout-flex wp-block-buttons-is-layout-flex\" style=\"margin-top:2.01rem;margin-bottom:0\">\n<div class=\"wp-block-button is-style-fill\"><a class=\"wp-block-button__link has-text-color has-background has-custom-font-size wp-element-button\" href=\"https:\/\/my.weezevent.com\/bon-cadeau-23\" style=\"border-radius:6px;color:#fffffd;background-color:#203c7d;padding-top:9px;padding-right:50px;padding-bottom:9px;padding-left:50px;font-size:clamp(0.875rem, 0.875rem + ((1vw - 0.2rem) * 0.464), 1.13rem);\">OFFRIR UNE EXP\u00c9RIENCE<\/a><\/div>\n<\/div>\n<\/div>\n<\/div><figure class=\"wp-block-media-text__media\"><img loading=\"lazy\" decoding=\"async\" width=\"737\" height=\"799\" src=\"http:\/\/lesexperiencesway.fr\/wp-content\/uploads\/2026\/02\/BON_CADEAU_ATELIER_PEINTURE_AIX_EN_PROVENCE_02.jpg\" alt=\"bon cadeau atelier peinture aix en provence les exp\u00e9riences way\" class=\"wp-image-143 size-full\" srcset=\"https:\/\/lesexperiencesway.fr\/wp-content\/uploads\/2026\/02\/BON_CADEAU_ATELIER_PEINTURE_AIX_EN_PROVENCE_02.jpg 737w, https:\/\/lesexperiencesway.fr\/wp-content\/uploads\/2026\/02\/BON_CADEAU_ATELIER_PEINTURE_AIX_EN_PROVENCE_02-277x300.jpg 277w\" sizes=\"auto, (max-width: 737px) 100vw, 737px\" \/><\/figure><\/div>\n<\/div>\n\n\n\n<div class=\"wp-block-group alignwide has-global-padding is-layout-constrained wp-container-core-group-is-layout-3bef3681 wp-block-group-is-layout-constrained\" style=\"padding-top:4.51rem;padding-right:0;padding-bottom:4.51rem;padding-left:0\">\n<div class=\"wp-block-media-text alignwide is-stacked-on-mobile\" style=\"margin-right:0;margin-left:0;padding-right:0;padding-left:0\"><figure class=\"wp-block-media-text__media\"><img loading=\"lazy\" decoding=\"async\" width=\"737\" height=\"799\" src=\"http:\/\/lesexperiencesway.fr\/wp-content\/uploads\/2026\/02\/BON_CADEAU_ATELIER_PEINTURE_AIX_EN_PROVENCE_01.jpg\" alt=\"bon cadeau atelier peinture aix en provence les exp\u00e9riences way\" class=\"wp-image-144 size-full\" srcset=\"https:\/\/lesexperiencesway.fr\/wp-content\/uploads\/2026\/02\/BON_CADEAU_ATELIER_PEINTURE_AIX_EN_PROVENCE_01.jpg 737w, https:\/\/lesexperiencesway.fr\/wp-content\/uploads\/2026\/02\/BON_CADEAU_ATELIER_PEINTURE_AIX_EN_PROVENCE_01-277x300.jpg 277w\" sizes=\"auto, (max-width: 737px) 100vw, 737px\" \/><\/figure><div class=\"wp-block-media-text__content\">\n<div class=\"wp-block-group has-global-padding is-layout-constrained wp-container-core-group-is-layout-9df9b23c wp-block-group-is-layout-constrained\" style=\"padding-top:4.51rem;padding-right:0;padding-bottom:4.51rem;padding-left:2.71rem\">\n<h2 class=\"wp-block-heading has-text-align-left has-text-color has-link-color wp-elements-d248a19a48b354b615fae6b603f75ca0\" style=\"color:#203c7d;font-size:clamp(1.383rem, 1.383rem + ((1vw - 0.2rem) * 1.595), 2.26rem);\">Simple \u00e0 offrir, facile \u00e0 utiliser<\/h2>\n\n\n\n<p>On a tout pr\u00e9vu pour que ce soit rapide et sans stress.<\/p>\n\n\n\n<p>\u2714 achat en ligne en quelques clics<br>\u2714 bon cadeau valable 6 mois<br>\u2714 le b\u00e9n\u00e9ficiaire choisit sa date librement<br>\u2714 aucune exp\u00e9rience requise<\/p>\n\n\n\n<p>Id\u00e9al m\u00eame pour les cadeaux de derni\u00e8re minute \ud83d\ude09<\/p>\n\n\n\n<div class=\"wp-block-buttons is-layout-flex wp-block-buttons-is-layout-flex\" style=\"margin-top:2.01rem;margin-bottom:0\">\n<div class=\"wp-block-button is-style-fill\"><a class=\"wp-block-button__link has-text-color has-background has-custom-font-size wp-element-button\" href=\"https:\/\/my.weezevent.com\/bon-cadeau-23\" style=\"border-radius:6px;color:#fffffd;background-color:#203c7d;padding-top:9px;padding-right:50px;padding-bottom:9px;padding-left:50px;font-size:clamp(0.875rem, 0.875rem + ((1vw - 0.2rem) * 0.464), 1.13rem);\">JE VEUX L&rsquo;OFFRIR<\/a><\/div>\n<\/div>\n<\/div>\n<\/div><\/div>\n<\/div>\n\n\n\n<div class=\"wp-block-group alignwide has-global-padding is-layout-constrained wp-container-core-group-is-layout-3bef3681 wp-block-group-is-layout-constrained\" style=\"padding-top:4.51rem;padding-right:0;padding-bottom:4.51rem;padding-left:0\">\n<div class=\"wp-block-media-text alignwide has-media-on-the-right is-stacked-on-mobile\" style=\"margin-right:0;margin-left:0;padding-right:0;padding-left:0\"><div class=\"wp-block-media-text__content\">\n<div class=\"wp-block-group has-global-padding is-layout-constrained wp-container-core-group-is-layout-0395af79 wp-block-group-is-layout-constrained\" style=\"padding-top:4.51rem;padding-right:2.71rem;padding-bottom:4.51rem;padding-left:0\">\n<h2 class=\"wp-block-heading has-text-align-left has-text-color has-link-color wp-elements-03080ba0fa261bdc3b2631fe854f4c44\" style=\"color:#203c7d;font-size:clamp(1.383rem, 1.383rem + ((1vw - 0.2rem) * 1.595), 2.26rem);\">Une exp\u00e9rience dont on se souvient vraiment<\/h2>\n\n\n\n<p>Contrairement aux objets qu\u2019on oublie parfois dans un tiroir, un moment v\u00e9cu reste.<\/p>\n\n\n\n<p>Pendant 2 heures, on d\u00e9connecte, on rit, on teste quelque chose de nouveau\u2026 et on repart avec sa toile.<\/p>\n\n\n\n<p>Beaucoup nous disent ensuite :<br><em>\u00ab\u00a0Je ne pensais pas y arriver, et pourtant&#8230;\u00a0\u00bb<\/em><\/p>\n\n\n\n<p>Et c\u2019est exactement ce qu\u2019on veut provoquer.<\/p>\n\n\n\n<div class=\"wp-block-buttons is-layout-flex wp-block-buttons-is-layout-flex\" style=\"margin-top:2.01rem;margin-bottom:0\">\n<div class=\"wp-block-button is-style-fill\"><a class=\"wp-block-button__link has-text-color has-background has-custom-font-size wp-element-button\" href=\"https:\/\/my.weezevent.com\/bon-cadeau-23\" style=\"border-radius:6px;color:#fffffd;background-color:#203c7d;padding-top:9px;padding-right:50px;padding-bottom:9px;padding-left:50px;font-size:clamp(0.875rem, 0.875rem + ((1vw - 0.2rem) * 0.464), 1.13rem);\">OFFRIR UN BON CADEAU<\/a><\/div>\n<\/div>\n<\/div>\n<\/div><figure class=\"wp-block-media-text__media\"><img loading=\"lazy\" decoding=\"async\" width=\"737\" height=\"799\" src=\"http:\/\/lesexperiencesway.fr\/wp-content\/uploads\/2026\/02\/BON_CADEAU_ATELIER_PEINTURE_AIX_EN_PROVENCE_03.jpg\" alt=\"bon cadeau atelier peinture aix en provence les exp\u00e9riences way\" class=\"wp-image-145 size-full\" srcset=\"https:\/\/lesexperiencesway.fr\/wp-content\/uploads\/2026\/02\/BON_CADEAU_ATELIER_PEINTURE_AIX_EN_PROVENCE_03.jpg 737w, https:\/\/lesexperiencesway.fr\/wp-content\/uploads\/2026\/02\/BON_CADEAU_ATELIER_PEINTURE_AIX_EN_PROVENCE_03-277x300.jpg 277w\" sizes=\"auto, (max-width: 737px) 100vw, 737px\" \/><\/figure><\/div>\n<\/div>\n\n\n\n<div class=\"wp-block-cover alignfull is-light\"><img loading=\"lazy\" decoding=\"async\" width=\"1024\" height=\"328\" class=\"wp-block-cover__image-background wp-image-168 size-large\" alt=\"\" src=\"http:\/\/lesexperiencesway.fr\/wp-content\/uploads\/2026\/02\/APERO_PEINTURE_AIX_EN_PROVENCE_LES_EXPERIENCES_WAY_03-1-1024x328.jpg\" data-object-fit=\"cover\" srcset=\"https:\/\/lesexperiencesway.fr\/wp-content\/uploads\/2026\/02\/APERO_PEINTURE_AIX_EN_PROVENCE_LES_EXPERIENCES_WAY_03-1-1024x328.jpg 1024w, https:\/\/lesexperiencesway.fr\/wp-content\/uploads\/2026\/02\/APERO_PEINTURE_AIX_EN_PROVENCE_LES_EXPERIENCES_WAY_03-1-300x96.jpg 300w, https:\/\/lesexperiencesway.fr\/wp-content\/uploads\/2026\/02\/APERO_PEINTURE_AIX_EN_PROVENCE_LES_EXPERIENCES_WAY_03-1-768x246.jpg 768w, https:\/\/lesexperiencesway.fr\/wp-content\/uploads\/2026\/02\/APERO_PEINTURE_AIX_EN_PROVENCE_LES_EXPERIENCES_WAY_03-1-1536x492.jpg 1536w, https:\/\/lesexperiencesway.fr\/wp-content\/uploads\/2026\/02\/APERO_PEINTURE_AIX_EN_PROVENCE_LES_EXPERIENCES_WAY_03-1.jpg 1920w\" sizes=\"auto, (max-width: 1024px) 100vw, 1024px\" \/><span aria-hidden=\"true\" class=\"wp-block-cover__background has-background-dim-0 has-background-dim\" style=\"background-color:#b8a8c0\"><\/span><div class=\"wp-block-cover__inner-container has-global-padding is-layout-constrained wp-block-cover-is-layout-constrained\">\n<div class=\"wp-block-group has-global-padding is-layout-constrained wp-container-core-group-is-layout-92ef7b19 wp-block-group-is-layout-constrained\">\n<div class=\"wp-block-group is-vertical is-content-justification-center is-layout-flex wp-container-core-group-is-layout-df5e5584 wp-block-group-is-layout-flex\" style=\"padding-top:0;padding-right:2.01rem;padding-bottom:0;padding-left:2.01rem\">\n<h2 class=\"wp-block-heading has-text-align-center has-text-color\" style=\"color:#ffffff;font-size:clamp(1.383rem, 1.383rem + ((1vw - 0.2rem) * 1.595), 2.26rem);font-style:normal;font-weight:500\">Pr\u00eat(e) \u00e0 offrir un cadeau qui change ?<\/h2>\n\n\n\n<p class=\"has-text-align-center has-text-color\" style=\"color:#ffffff;font-size:clamp(0.875rem, 0.875rem + ((1vw - 0.2rem) * 0.464), 1.13rem);\">En quelques minutes, la mission cadeau est r\u00e9gl\u00e9e, et vous \u00eates certain(e) de faire plaisir.<\/p>\n\n\n\n<div class=\"wp-block-buttons is-layout-flex wp-block-buttons-is-layout-flex\">\n<div class=\"wp-block-button is-style-fill\"><a class=\"wp-block-button__link has-text-color has-background has-custom-font-size wp-element-button\" href=\"https:\/\/my.weezevent.com\/bon-cadeau-23\" style=\"border-radius:6px;color:#fffffd;background-color:#203c7d;padding-top:9px;padding-right:50px;padding-bottom:9px;padding-left:50px;font-size:clamp(0.875rem, 0.875rem + ((1vw - 0.2rem) * 0.464), 1.13rem);\">RECEVOIR MON BON EN 2 MINUTES !<\/a><\/div>\n<\/div>\n<\/div>\n<\/div>\n<\/div><\/div>\n","protected":false},"excerpt":{"rendered":"<p>Bon cadeau Atelier Ap\u00e9ro &amp; Peinture \u00e0 Aix-en-Provence Offrez un moment \u00e0 vivre Vous cherchez une id\u00e9e cadeau originale \u00e0 Aix-en-Provence ?Offrez bien plus qu\u2019un objet : offrez une exp\u00e9rience.Avec le bon cadeau Ap\u00e9ro &amp; Peinture, vous permettez \u00e0 quelqu\u2019un de s\u2019accorder une vraie pause &#8211; un moment pour cr\u00e9er, se d\u00e9tendre et partager une [&hellip;]<\/p>\n","protected":false},"author":1,"featured_media":0,"parent":0,"menu_order":0,"comment_status":"closed","ping_status":"closed","template":"","meta":{"footnotes":""},"class_list":["post-35","page","type-page","status-publish","hentry"],"yoast_head":"<!-- This site is optimized with the Yoast SEO plugin v26.9 - https:\/\/yoast.com\/product\/yoast-seo-wordpress\/ -->\n<title>Bons cadeaux - Les Exp\u00e9riences WAY<\/title>\n<meta name=\"description\" content=\"Offrez un bon cadeau Atelier Ap\u00e9ro &amp; Peinture \u00e0 Aix-en-Provence : une exp\u00e9rience conviviale et originale, parfaite pour toutes les occasions.\" \/>\n<meta name=\"robots\" content=\"index, follow, max-snippet:-1, max-image-preview:large, max-video-preview:-1\" \/>\n<link rel=\"canonical\" href=\"http:\/\/lesexperiencesway.fr\/index.php\/bon-cadeau-atelier-peinture-aix-en-provence\/\" \/>\n<meta property=\"og:locale\" content=\"fr_FR\" \/>\n<meta property=\"og:type\" content=\"article\" \/>\n<meta property=\"og:title\" content=\"Bons cadeaux - Les Exp\u00e9riences WAY\" \/>\n<meta property=\"og:description\" content=\"Offrez un bon cadeau Atelier Ap\u00e9ro &amp; Peinture \u00e0 Aix-en-Provence : une exp\u00e9rience conviviale et originale, parfaite pour toutes les occasions.\" \/>\n<meta property=\"og:url\" content=\"http:\/\/lesexperiencesway.fr\/index.php\/bon-cadeau-atelier-peinture-aix-en-provence\/\" \/>\n<meta property=\"og:site_name\" content=\"Les Exp\u00e9riences WAY\" \/>\n<meta property=\"article:modified_time\" content=\"2026-02-13T15:35:21+00:00\" \/>\n<meta property=\"og:image\" content=\"http:\/\/lesexperiencesway.fr\/wp-content\/uploads\/2026\/02\/APERO_PEINTURE_AIX_EN_PROVENCE_LES_EXPERIENCES_WAY_04-1024x331.jpg\" \/>\n<meta name=\"twitter:card\" content=\"summary_large_image\" \/>\n<meta name=\"twitter:label1\" content=\"Dur\u00e9e de lecture estim\u00e9e\" \/>\n\t<meta name=\"twitter:data1\" content=\"3 minutes\" \/>\n<script type=\"application\/ld+json\" class=\"yoast-schema-graph\">{\"@context\":\"https:\/\/schema.org\",\"@graph\":[{\"@type\":\"WebPage\",\"@id\":\"http:\/\/lesexperiencesway.fr\/index.php\/bon-cadeau-atelier-peinture-aix-en-provence\/\",\"url\":\"http:\/\/lesexperiencesway.fr\/index.php\/bon-cadeau-atelier-peinture-aix-en-provence\/\",\"name\":\"Bons cadeaux - Les Exp\u00e9riences WAY\",\"isPartOf\":{\"@id\":\"https:\/\/lesexperiencesway.fr\/#website\"},\"primaryImageOfPage\":{\"@id\":\"http:\/\/lesexperiencesway.fr\/index.php\/bon-cadeau-atelier-peinture-aix-en-provence\/#primaryimage\"},\"image\":{\"@id\":\"http:\/\/lesexperiencesway.fr\/index.php\/bon-cadeau-atelier-peinture-aix-en-provence\/#primaryimage\"},\"thumbnailUrl\":\"http:\/\/lesexperiencesway.fr\/wp-content\/uploads\/2026\/02\/APERO_PEINTURE_AIX_EN_PROVENCE_LES_EXPERIENCES_WAY_04-1024x331.jpg\",\"datePublished\":\"2026-02-11T14:52:21+00:00\",\"dateModified\":\"2026-02-13T15:35:21+00:00\",\"description\":\"Offrez un bon cadeau Atelier Ap\u00e9ro & Peinture \u00e0 Aix-en-Provence : une exp\u00e9rience conviviale et originale, parfaite pour toutes les occasions.\",\"breadcrumb\":{\"@id\":\"http:\/\/lesexperiencesway.fr\/index.php\/bon-cadeau-atelier-peinture-aix-en-provence\/#breadcrumb\"},\"inLanguage\":\"fr-FR\",\"potentialAction\":[{\"@type\":\"ReadAction\",\"target\":[\"http:\/\/lesexperiencesway.fr\/index.php\/bon-cadeau-atelier-peinture-aix-en-provence\/\"]}]},{\"@type\":\"ImageObject\",\"inLanguage\":\"fr-FR\",\"@id\":\"http:\/\/lesexperiencesway.fr\/index.php\/bon-cadeau-atelier-peinture-aix-en-provence\/#primaryimage\",\"url\":\"https:\/\/lesexperiencesway.fr\/wp-content\/uploads\/2026\/02\/APERO_PEINTURE_AIX_EN_PROVENCE_LES_EXPERIENCES_WAY_04.jpg\",\"contentUrl\":\"https:\/\/lesexperiencesway.fr\/wp-content\/uploads\/2026\/02\/APERO_PEINTURE_AIX_EN_PROVENCE_LES_EXPERIENCES_WAY_04.jpg\",\"width\":1920,\"height\":621},{\"@type\":\"BreadcrumbList\",\"@id\":\"http:\/\/lesexperiencesway.fr\/index.php\/bon-cadeau-atelier-peinture-aix-en-provence\/#breadcrumb\",\"itemListElement\":[{\"@type\":\"ListItem\",\"position\":1,\"name\":\"Home\",\"item\":\"https:\/\/lesexperiencesway.fr\/\"},{\"@type\":\"ListItem\",\"position\":2,\"name\":\"Bons cadeaux\"}]},{\"@type\":\"WebSite\",\"@id\":\"https:\/\/lesexperiencesway.fr\/#website\",\"url\":\"https:\/\/lesexperiencesway.fr\/\",\"name\":\"Les Exp\u00e9riences WAY\",\"description\":\"\",\"potentialAction\":[{\"@type\":\"SearchAction\",\"target\":{\"@type\":\"EntryPoint\",\"urlTemplate\":\"https:\/\/lesexperiencesway.fr\/?s={search_term_string}\"},\"query-input\":{\"@type\":\"PropertyValueSpecification\",\"valueRequired\":true,\"valueName\":\"search_term_string\"}}],\"inLanguage\":\"fr-FR\"}]}<\/script>\n<!-- \/ Yoast SEO plugin. -->","yoast_head_json":{"title":"Bons cadeaux - Les Exp\u00e9riences WAY","description":"Offrez un bon cadeau Atelier Ap\u00e9ro & Peinture \u00e0 Aix-en-Provence : une exp\u00e9rience conviviale et originale, parfaite pour toutes les occasions.","robots":{"index":"index","follow":"follow","max-snippet":"max-snippet:-1","max-image-preview":"max-image-preview:large","max-video-preview":"max-video-preview:-1"},"canonical":"http:\/\/lesexperiencesway.fr\/index.php\/bon-cadeau-atelier-peinture-aix-en-provence\/","og_locale":"fr_FR","og_type":"article","og_title":"Bons cadeaux - Les Exp\u00e9riences WAY","og_description":"Offrez un bon cadeau Atelier Ap\u00e9ro & Peinture \u00e0 Aix-en-Provence : une exp\u00e9rience conviviale et originale, parfaite pour toutes les occasions.","og_url":"http:\/\/lesexperiencesway.fr\/index.php\/bon-cadeau-atelier-peinture-aix-en-provence\/","og_site_name":"Les Exp\u00e9riences WAY","article_modified_time":"2026-02-13T15:35:21+00:00","og_image":[{"url":"http:\/\/lesexperiencesway.fr\/wp-content\/uploads\/2026\/02\/APERO_PEINTURE_AIX_EN_PROVENCE_LES_EXPERIENCES_WAY_04-1024x331.jpg","type":"","width":"","height":""}],"twitter_card":"summary_large_image","twitter_misc":{"Dur\u00e9e de lecture estim\u00e9e":"3 minutes"},"schema":{"@context":"https:\/\/schema.org","@graph":[{"@type":"WebPage","@id":"http:\/\/lesexperiencesway.fr\/index.php\/bon-cadeau-atelier-peinture-aix-en-provence\/","url":"http:\/\/lesexperiencesway.fr\/index.php\/bon-cadeau-atelier-peinture-aix-en-provence\/","name":"Bons cadeaux - Les Exp\u00e9riences WAY","isPartOf":{"@id":"https:\/\/lesexperiencesway.fr\/#website"},"primaryImageOfPage":{"@id":"http:\/\/lesexperiencesway.fr\/index.php\/bon-cadeau-atelier-peinture-aix-en-provence\/#primaryimage"},"image":{"@id":"http:\/\/lesexperiencesway.fr\/index.php\/bon-cadeau-atelier-peinture-aix-en-provence\/#primaryimage"},"thumbnailUrl":"http:\/\/lesexperiencesway.fr\/wp-content\/uploads\/2026\/02\/APERO_PEINTURE_AIX_EN_PROVENCE_LES_EXPERIENCES_WAY_04-1024x331.jpg","datePublished":"2026-02-11T14:52:21+00:00","dateModified":"2026-02-13T15:35:21+00:00","description":"Offrez un bon cadeau Atelier Ap\u00e9ro & Peinture \u00e0 Aix-en-Provence : une exp\u00e9rience conviviale et originale, parfaite pour toutes les occasions.","breadcrumb":{"@id":"http:\/\/lesexperiencesway.fr\/index.php\/bon-cadeau-atelier-peinture-aix-en-provence\/#breadcrumb"},"inLanguage":"fr-FR","potentialAction":[{"@type":"ReadAction","target":["http:\/\/lesexperiencesway.fr\/index.php\/bon-cadeau-atelier-peinture-aix-en-provence\/"]}]},{"@type":"ImageObject","inLanguage":"fr-FR","@id":"http:\/\/lesexperiencesway.fr\/index.php\/bon-cadeau-atelier-peinture-aix-en-provence\/#primaryimage","url":"https:\/\/lesexperiencesway.fr\/wp-content\/uploads\/2026\/02\/APERO_PEINTURE_AIX_EN_PROVENCE_LES_EXPERIENCES_WAY_04.jpg","contentUrl":"https:\/\/lesexperiencesway.fr\/wp-content\/uploads\/2026\/02\/APERO_PEINTURE_AIX_EN_PROVENCE_LES_EXPERIENCES_WAY_04.jpg","width":1920,"height":621},{"@type":"BreadcrumbList","@id":"http:\/\/lesexperiencesway.fr\/index.php\/bon-cadeau-atelier-peinture-aix-en-provence\/#breadcrumb","itemListElement":[{"@type":"ListItem","position":1,"name":"Home","item":"https:\/\/lesexperiencesway.fr\/"},{"@type":"ListItem","position":2,"name":"Bons cadeaux"}]},{"@type":"WebSite","@id":"https:\/\/lesexperiencesway.fr\/#website","url":"https:\/\/lesexperiencesway.fr\/","name":"Les Exp\u00e9riences WAY","description":"","potentialAction":[{"@type":"SearchAction","target":{"@type":"EntryPoint","urlTemplate":"https:\/\/lesexperiencesway.fr\/?s={search_term_string}"},"query-input":{"@type":"PropertyValueSpecification","valueRequired":true,"valueName":"search_term_string"}}],"inLanguage":"fr-FR"}]}},"_links":{"self":[{"href":"https:\/\/lesexperiencesway.fr\/index.php\/wp-json\/wp\/v2\/pages\/35","targetHints":{"allow":["GET"]}}],"collection":[{"href":"https:\/\/lesexperiencesway.fr\/index.php\/wp-json\/wp\/v2\/pages"}],"about":[{"href":"https:\/\/lesexperiencesway.fr\/index.php\/wp-json\/wp\/v2\/types\/page"}],"author":[{"embeddable":true,"href":"https:\/\/lesexperiencesway.fr\/index.php\/wp-json\/wp\/v2\/users\/1"}],"replies":[{"embeddable":true,"href":"https:\/\/lesexperiencesway.fr\/index.php\/wp-json\/wp\/v2\/comments?post=35"}],"version-history":[{"count":12,"href":"https:\/\/lesexperiencesway.fr\/index.php\/wp-json\/wp\/v2\/pages\/35\/revisions"}],"predecessor-version":[{"id":173,"href":"https:\/\/lesexperiencesway.fr\/index.php\/wp-json\/wp\/v2\/pages\/35\/revisions\/173"}],"wp:attachment":[{"href":"https:\/\/lesexperiencesway.fr\/index.php\/wp-json\/wp\/v2\/media?parent=35"}],"curies":[{"name":"wp","href":"https:\/\/api.w.org\/{rel}","templated":true}]}}