{"id":29,"date":"2026-02-11T14:35:39","date_gmt":"2026-02-11T14:35:39","guid":{"rendered":"https:\/\/lesexperiencesway.fr\/?page_id=29"},"modified":"2026-02-13T15:34:31","modified_gmt":"2026-02-13T15:34:31","slug":"privatiser-atelier-peinture-aix-en-provence","status":"publish","type":"page","link":"https:\/\/lesexperiencesway.fr\/index.php\/privatiser-atelier-peinture-aix-en-provence\/","title":{"rendered":"Privatisation"},"content":{"rendered":"\n<div class=\"wp-block-cover alignfull is-light\" style=\"min-height:500px;aspect-ratio:unset;\"><img loading=\"lazy\" decoding=\"async\" width=\"1024\" height=\"331\" class=\"wp-block-cover__image-background wp-image-165 size-large\" alt=\"\" src=\"http:\/\/lesexperiencesway.fr\/wp-content\/uploads\/2026\/02\/APERO_PEINTURE_AIX_EN_PROVENCE_LES_EXPERIENCES_WAY_04-1024x331.jpg\" data-object-fit=\"cover\" srcset=\"https:\/\/lesexperiencesway.fr\/wp-content\/uploads\/2026\/02\/APERO_PEINTURE_AIX_EN_PROVENCE_LES_EXPERIENCES_WAY_04-1024x331.jpg 1024w, https:\/\/lesexperiencesway.fr\/wp-content\/uploads\/2026\/02\/APERO_PEINTURE_AIX_EN_PROVENCE_LES_EXPERIENCES_WAY_04-300x97.jpg 300w, https:\/\/lesexperiencesway.fr\/wp-content\/uploads\/2026\/02\/APERO_PEINTURE_AIX_EN_PROVENCE_LES_EXPERIENCES_WAY_04-768x248.jpg 768w, https:\/\/lesexperiencesway.fr\/wp-content\/uploads\/2026\/02\/APERO_PEINTURE_AIX_EN_PROVENCE_LES_EXPERIENCES_WAY_04-1536x497.jpg 1536w, https:\/\/lesexperiencesway.fr\/wp-content\/uploads\/2026\/02\/APERO_PEINTURE_AIX_EN_PROVENCE_LES_EXPERIENCES_WAY_04.jpg 1920w\" sizes=\"auto, (max-width: 1024px) 100vw, 1024px\" \/><span aria-hidden=\"true\" class=\"wp-block-cover__background has-background-dim-0 has-background-dim\" style=\"background-color:#beabb9\"><\/span><div class=\"wp-block-cover__inner-container has-global-padding is-layout-constrained wp-block-cover-is-layout-constrained\">\n<div class=\"wp-block-group is-vertical is-content-justification-center is-layout-flex wp-container-core-group-is-layout-27e8027c wp-block-group-is-layout-flex\" style=\"padding-top:0;padding-right:2.01rem;padding-bottom:0;padding-left:2.01rem\">\n<h1 class=\"wp-block-heading has-text-color has-prata-regular-font-family\" style=\"color:#203c7d;font-size:clamp(1.976rem, 1.976rem + ((1vw - 0.2rem) * 2.771), 3.5rem);\">Privatisation<\/h1>\n<\/div>\n<\/div><\/div>\n\n\n\n<h1 class=\"wp-block-heading has-text-align-center has-text-color has-link-color has-medium-font-size wp-elements-e39d93e2c843630c9a6e563dd509259f\" style=\"color:#203c7d\"><strong>Privatiser un atelier Ap\u00e9ro &amp; Peinture \u00e0 Aix-en-Provence<\/strong><br><strong>Un moment rien que pour vous<\/strong><\/h1>\n\n\n\n<p class=\"has-text-align-center\">Et si vous aviez un atelier entier juste pour votre groupe ?<\/p>\n\n\n\n<p class=\"has-text-align-center\">Chez <strong>Les Exp\u00e9riences WAY<\/strong>, vous pouvez privatiser notre atelier Ap\u00e9ro &amp; Peinture pour c\u00e9l\u00e9brer un moment sp\u00e9cial dans une ambiance chaleureuse et d\u00e9tendue.<\/p>\n\n\n\n<p class=\"has-text-align-center\">Anniversaire, baby shower, soir\u00e9e entre amis ou simple envie de se retrouver\u2026 ici, tout est r\u00e9uni pour partager une exp\u00e9rience originale dont tout le monde se souviendra.<\/p>\n\n\n\n<p class=\"has-text-align-center\">\u00c0 partir de <strong>6 participants<\/strong>, on s\u2019occupe de tout &#8211; vous n\u2019avez plus qu\u2019\u00e0 profiter.<\/p>\n\n\n\n<div class=\"wp-block-group alignwide has-global-padding is-layout-constrained wp-container-core-group-is-layout-3bef3681 wp-block-group-is-layout-constrained\" style=\"padding-top:4.51rem;padding-right:0;padding-bottom:4.51rem;padding-left:0\">\n<div class=\"wp-block-media-text alignwide has-media-on-the-right is-stacked-on-mobile\" style=\"margin-right:0;margin-left:0;padding-right:0;padding-left:0\"><div class=\"wp-block-media-text__content\">\n<div class=\"wp-block-group has-global-padding is-layout-constrained wp-container-core-group-is-layout-0395af79 wp-block-group-is-layout-constrained\" style=\"padding-top:4.51rem;padding-right:2.71rem;padding-bottom:4.51rem;padding-left:0\">\n<h2 class=\"wp-block-heading has-text-align-left has-text-color has-link-color wp-elements-b28c5da2ea9327f4c6e98be7c813f13d\" style=\"color:#203c7d;font-size:clamp(1.383rem, 1.383rem + ((1vw - 0.2rem) * 1.595), 2.26rem);\">L\u2019activit\u00e9 parfaite pour c\u00e9l\u00e9brer autrement<\/h2>\n\n\n\n<p>Marquer le coup sans organiser une logistique compliqu\u00e9e : c\u2019est exactement ce que permet la privatisation.<\/p>\n\n\n\n<p>Notre atelier cr\u00e9e naturellement une atmosph\u00e8re conviviale o\u00f9 les \u00e9changes sont faciles et les rires spontan\u00e9s.<\/p>\n\n\n\n<p>Pas besoin d\u2019\u00eatre cr\u00e9atif &#8211; seulement d\u2019avoir envie de passer un bon moment ensemble.<\/p>\n\n\n\n<p>Chacun repart avec sa toile\u2026 et souvent quelques anecdotes en plus \ud83d\ude42<\/p>\n\n\n\n<div class=\"wp-block-buttons is-layout-flex wp-block-buttons-is-layout-flex\" style=\"margin-top:2.01rem;margin-bottom:0\">\n<div class=\"wp-block-button is-style-fill\"><a class=\"wp-block-button__link has-text-color has-background has-custom-font-size wp-element-button\" href=\"mailto:lesexperiencesway@gmail.com\" style=\"border-radius:6px;color:#fffffd;background-color:#203c7d;padding-top:9px;padding-right:50px;padding-bottom:9px;padding-left:50px;font-size:clamp(0.875rem, 0.875rem + ((1vw - 0.2rem) * 0.464), 1.13rem);\">PRIVATISER UN ATELIER<\/a><\/div>\n<\/div>\n<\/div>\n<\/div><figure class=\"wp-block-media-text__media\"><img loading=\"lazy\" decoding=\"async\" width=\"737\" height=\"799\" src=\"http:\/\/lesexperiencesway.fr\/wp-content\/uploads\/2026\/02\/PRIVATISER_ATELIER_PEINTURE_AIX_EN_PROVENCE_03.jpg\" alt=\"privatisation atelier peinture aix en provence les exp\u00e9riences way\" class=\"wp-image-132 size-full\" srcset=\"https:\/\/lesexperiencesway.fr\/wp-content\/uploads\/2026\/02\/PRIVATISER_ATELIER_PEINTURE_AIX_EN_PROVENCE_03.jpg 737w, https:\/\/lesexperiencesway.fr\/wp-content\/uploads\/2026\/02\/PRIVATISER_ATELIER_PEINTURE_AIX_EN_PROVENCE_03-277x300.jpg 277w\" sizes=\"auto, (max-width: 737px) 100vw, 737px\" \/><\/figure><\/div>\n<\/div>\n\n\n\n<div class=\"wp-block-group alignwide has-global-padding is-layout-constrained wp-container-core-group-is-layout-3bef3681 wp-block-group-is-layout-constrained\" style=\"padding-top:4.51rem;padding-right:0;padding-bottom:4.51rem;padding-left:0\">\n<div class=\"wp-block-media-text alignwide is-stacked-on-mobile\" style=\"margin-right:0;margin-left:0;padding-right:0;padding-left:0\"><figure class=\"wp-block-media-text__media\"><img loading=\"lazy\" decoding=\"async\" width=\"737\" height=\"799\" src=\"http:\/\/lesexperiencesway.fr\/wp-content\/uploads\/2026\/02\/PRIVATISER_ATELIER_PEINTURE_AIX_EN_PROVENCE_01.jpg\" alt=\"privatisation atelier peinture aix en provence les exp\u00e9riences way\" class=\"wp-image-130 size-full\" srcset=\"https:\/\/lesexperiencesway.fr\/wp-content\/uploads\/2026\/02\/PRIVATISER_ATELIER_PEINTURE_AIX_EN_PROVENCE_01.jpg 737w, https:\/\/lesexperiencesway.fr\/wp-content\/uploads\/2026\/02\/PRIVATISER_ATELIER_PEINTURE_AIX_EN_PROVENCE_01-277x300.jpg 277w\" sizes=\"auto, (max-width: 737px) 100vw, 737px\" \/><\/figure><div class=\"wp-block-media-text__content\">\n<div class=\"wp-block-group has-global-padding is-layout-constrained wp-container-core-group-is-layout-9df9b23c wp-block-group-is-layout-constrained\" style=\"padding-top:4.51rem;padding-right:0;padding-bottom:4.51rem;padding-left:2.71rem\">\n<h2 class=\"wp-block-heading has-text-align-left has-text-color has-link-color wp-elements-347ac0d5fd6547ba42d8a709caaac0ff\" style=\"color:#203c7d;font-size:clamp(1.383rem, 1.383rem + ((1vw - 0.2rem) * 1.595), 2.26rem);\">Pour quelles occasions ?<\/h2>\n\n\n\n<p>Notre atelier se privatise pour tous les moments qui m\u00e9ritent d\u2019\u00eatre c\u00e9l\u00e9br\u00e9s :<\/p>\n\n\n\n<p>\ud83c\udf82 anniversaires (r\u00e9serv\u00e9 aux adultes)<br>\ud83c\udf7c baby showers<br>\ud83d\udc6f soir\u00e9es entre amis<br>\ud83c\udf89 f\u00eates surprises<br>\ud83d\udc9b r\u00e9unions de famille<\/p>\n\n\n\n<p>C\u2019est l\u2019alternative id\u00e9ale aux soir\u00e9es classiques &#8211; une activit\u00e9 qui rassemble vraiment.<\/p>\n\n\n\n<div class=\"wp-block-buttons is-layout-flex wp-block-buttons-is-layout-flex\" style=\"margin-top:2.01rem;margin-bottom:0\">\n<div class=\"wp-block-button is-style-fill\"><a class=\"wp-block-button__link has-text-color has-background has-custom-font-size wp-element-button\" href=\"mailto:lesexperiencesway@gmail.com\" style=\"border-radius:6px;color:#fffffd;background-color:#203c7d;padding-top:9px;padding-right:50px;padding-bottom:9px;padding-left:50px;font-size:clamp(0.875rem, 0.875rem + ((1vw - 0.2rem) * 0.464), 1.13rem);\">CHOISIR UNE DATE<\/a><\/div>\n<\/div>\n<\/div>\n<\/div><\/div>\n<\/div>\n\n\n\n<div class=\"wp-block-group alignwide has-global-padding is-layout-constrained wp-container-core-group-is-layout-3bef3681 wp-block-group-is-layout-constrained\" style=\"padding-top:4.51rem;padding-right:0;padding-bottom:4.51rem;padding-left:0\">\n<div class=\"wp-block-media-text alignwide has-media-on-the-right is-stacked-on-mobile\" style=\"margin-right:0;margin-left:0;padding-right:0;padding-left:0\"><div class=\"wp-block-media-text__content\">\n<div class=\"wp-block-group has-global-padding is-layout-constrained wp-container-core-group-is-layout-0395af79 wp-block-group-is-layout-constrained\" style=\"padding-top:4.51rem;padding-right:2.71rem;padding-bottom:4.51rem;padding-left:0\">\n<h2 class=\"wp-block-heading has-text-align-left has-text-color has-link-color wp-elements-11da61c628c05a375dbe2d7cc1fed35c\" style=\"color:#203c7d;font-size:clamp(1.383rem, 1.383rem + ((1vw - 0.2rem) * 1.595), 2.26rem);\">Une exp\u00e9rience simple \u00e0 organiser<\/h2>\n\n\n\n<p>On sait que vous avez d\u00e9j\u00e0 beaucoup \u00e0 penser, alors on a tout simplifi\u00e9.<\/p>\n\n\n\n<p>\u2714 atelier enti\u00e8rement privatis\u00e9<br>\u2714 mat\u00e9riel fourni<br>\u2714 accompagnement pas \u00e0 pas<br>\u2714 accessible aux d\u00e9butants<br>\u2714 ambiance conviviale<\/p>\n\n\n\n<p>Install\u00e9s en centre-ville d\u2019Aix-en-Provence, nous vous accueillons dans un espace pens\u00e9 pour que vous vous sentiez imm\u00e9diatement \u00e0 l\u2019aise. Si vous le souhaitez, nous pouvons aussi nous d\u00e9placer jusqu&rsquo;\u00e0 chez vous \ud83d\ude42<\/p>\n\n\n\n<div class=\"wp-block-buttons is-layout-flex wp-block-buttons-is-layout-flex\" style=\"margin-top:2.01rem;margin-bottom:0\">\n<div class=\"wp-block-button is-style-fill\"><a class=\"wp-block-button__link has-text-color has-background has-custom-font-size wp-element-button\" href=\"mailto:lesexperiencesway@gmail.com\" style=\"border-radius:6px;color:#fffffd;background-color:#203c7d;padding-top:9px;padding-right:50px;padding-bottom:9px;padding-left:50px;font-size:clamp(0.875rem, 0.875rem + ((1vw - 0.2rem) * 0.464), 1.13rem);\">ORGANISER NOTRE ATELIER<\/a><\/div>\n<\/div>\n<\/div>\n<\/div><figure class=\"wp-block-media-text__media\"><img loading=\"lazy\" decoding=\"async\" width=\"737\" height=\"799\" src=\"http:\/\/lesexperiencesway.fr\/wp-content\/uploads\/2026\/02\/PRIVATISER_ATELIER_PEINTURE_AIX_EN_PROVENCE_02-1.jpg\" alt=\"privatisation atelier peinture aix en provence les exp\u00e9riences way\" class=\"wp-image-133 size-full\" srcset=\"https:\/\/lesexperiencesway.fr\/wp-content\/uploads\/2026\/02\/PRIVATISER_ATELIER_PEINTURE_AIX_EN_PROVENCE_02-1.jpg 737w, https:\/\/lesexperiencesway.fr\/wp-content\/uploads\/2026\/02\/PRIVATISER_ATELIER_PEINTURE_AIX_EN_PROVENCE_02-1-277x300.jpg 277w\" sizes=\"auto, (max-width: 737px) 100vw, 737px\" \/><\/figure><\/div>\n<\/div>\n\n\n\n<div class=\"wp-block-cover alignfull is-light\"><img loading=\"lazy\" decoding=\"async\" width=\"1024\" height=\"328\" class=\"wp-block-cover__image-background wp-image-171 size-large\" alt=\"\" src=\"http:\/\/lesexperiencesway.fr\/wp-content\/uploads\/2026\/02\/APERO_PEINTURE_AIX_EN_PROVENCE_LES_EXPERIENCES_WAY_03-2-1024x328.jpg\" data-object-fit=\"cover\" srcset=\"https:\/\/lesexperiencesway.fr\/wp-content\/uploads\/2026\/02\/APERO_PEINTURE_AIX_EN_PROVENCE_LES_EXPERIENCES_WAY_03-2-1024x328.jpg 1024w, https:\/\/lesexperiencesway.fr\/wp-content\/uploads\/2026\/02\/APERO_PEINTURE_AIX_EN_PROVENCE_LES_EXPERIENCES_WAY_03-2-300x96.jpg 300w, https:\/\/lesexperiencesway.fr\/wp-content\/uploads\/2026\/02\/APERO_PEINTURE_AIX_EN_PROVENCE_LES_EXPERIENCES_WAY_03-2-768x246.jpg 768w, https:\/\/lesexperiencesway.fr\/wp-content\/uploads\/2026\/02\/APERO_PEINTURE_AIX_EN_PROVENCE_LES_EXPERIENCES_WAY_03-2-1536x492.jpg 1536w, https:\/\/lesexperiencesway.fr\/wp-content\/uploads\/2026\/02\/APERO_PEINTURE_AIX_EN_PROVENCE_LES_EXPERIENCES_WAY_03-2.jpg 1920w\" sizes=\"auto, (max-width: 1024px) 100vw, 1024px\" \/><span aria-hidden=\"true\" class=\"wp-block-cover__background has-background-dim-0 has-background-dim\" style=\"background-color:#b8a8c0\"><\/span><div class=\"wp-block-cover__inner-container has-global-padding is-layout-constrained wp-block-cover-is-layout-constrained\">\n<div class=\"wp-block-group has-global-padding is-layout-constrained wp-container-core-group-is-layout-92ef7b19 wp-block-group-is-layout-constrained\">\n<div class=\"wp-block-group is-vertical is-content-justification-center is-layout-flex wp-container-core-group-is-layout-df5e5584 wp-block-group-is-layout-flex\" style=\"padding-top:0;padding-right:2.01rem;padding-bottom:0;padding-left:2.01rem\">\n<h2 class=\"wp-block-heading has-text-align-center has-text-color\" style=\"color:#ffffff;font-size:clamp(1.383rem, 1.383rem + ((1vw - 0.2rem) * 1.595), 2.26rem);font-style:normal;font-weight:500\">Cr\u00e9ez un souvenir que vous ne trouverez nulle part ailleurs<\/h2>\n\n\n\n<p class=\"has-text-align-center has-text-color\" style=\"color:#fdfdfe;font-size:clamp(0.875rem, 0.875rem + ((1vw - 0.2rem) * 0.464), 1.13rem);\">Plus qu\u2019une activit\u00e9, c\u2019est un moment de partage.<br>On discute, on peint, on trinque\u2026 et sans voir le temps passer, le groupe cr\u00e9e quelque chose ensemble.<br>C\u2019est souvent le genre de souvenir dont on reparle encore longtemps.<\/p>\n\n\n\n<div class=\"wp-block-buttons is-layout-flex wp-block-buttons-is-layout-flex\">\n<div class=\"wp-block-button is-style-fill\"><a class=\"wp-block-button__link has-text-color has-background has-custom-font-size wp-element-button\" href=\"mailto:lesexperiencesway@gmail.com\" style=\"border-radius:6px;color:#fffffd;background-color:#203c7d;padding-top:9px;padding-right:50px;padding-bottom:9px;padding-left:50px;font-size:clamp(0.875rem, 0.875rem + ((1vw - 0.2rem) * 0.464), 1.13rem);\">ON ORGANISE \u00c7A ?<\/a><\/div>\n<\/div>\n<\/div>\n<\/div>\n<\/div><\/div>\n","protected":false},"excerpt":{"rendered":"<p>Privatiser un atelier Ap\u00e9ro &amp; Peinture \u00e0 Aix-en-ProvenceUn moment rien que pour vous Et si vous aviez un atelier entier juste pour votre groupe ? Chez Les Exp\u00e9riences WAY, vous pouvez privatiser notre atelier Ap\u00e9ro &amp; Peinture pour c\u00e9l\u00e9brer un moment sp\u00e9cial dans une ambiance chaleureuse et d\u00e9tendue. Anniversaire, baby shower, soir\u00e9e entre amis ou [&hellip;]<\/p>\n","protected":false},"author":1,"featured_media":0,"parent":0,"menu_order":0,"comment_status":"closed","ping_status":"closed","template":"","meta":{"footnotes":""},"class_list":["post-29","page","type-page","status-publish","hentry"],"yoast_head":"<!-- This site is optimized with the Yoast SEO plugin v26.9 - https:\/\/yoast.com\/product\/yoast-seo-wordpress\/ -->\n<title>Privatisation - Les Exp\u00e9riences WAY<\/title>\n<meta name=\"description\" content=\"Privatisez un atelier Ap\u00e9ro &amp; Peinture \u00e0 Aix-en-Provence pour un anniversaire, une baby shower ou une soir\u00e9e entre amis. Une exp\u00e9rience conviviale et originale.\" \/>\n<meta name=\"robots\" content=\"index, follow, max-snippet:-1, max-image-preview:large, max-video-preview:-1\" \/>\n<link rel=\"canonical\" href=\"http:\/\/lesexperiencesway.fr\/index.php\/privatiser-atelier-peinture-aix-en-provence\/\" \/>\n<meta property=\"og:locale\" content=\"fr_FR\" \/>\n<meta property=\"og:type\" content=\"article\" \/>\n<meta property=\"og:title\" content=\"Privatisation - Les Exp\u00e9riences WAY\" \/>\n<meta property=\"og:description\" content=\"Privatisez un atelier Ap\u00e9ro &amp; Peinture \u00e0 Aix-en-Provence pour un anniversaire, une baby shower ou une soir\u00e9e entre amis. Une exp\u00e9rience conviviale et originale.\" \/>\n<meta property=\"og:url\" content=\"http:\/\/lesexperiencesway.fr\/index.php\/privatiser-atelier-peinture-aix-en-provence\/\" \/>\n<meta property=\"og:site_name\" content=\"Les Exp\u00e9riences WAY\" \/>\n<meta property=\"article:modified_time\" content=\"2026-02-13T15:34:31+00:00\" \/>\n<meta property=\"og:image\" content=\"http:\/\/lesexperiencesway.fr\/wp-content\/uploads\/2026\/02\/APERO_PEINTURE_AIX_EN_PROVENCE_LES_EXPERIENCES_WAY_04-1024x331.jpg\" \/>\n<meta name=\"twitter:card\" content=\"summary_large_image\" \/>\n<meta name=\"twitter:label1\" content=\"Dur\u00e9e de lecture estim\u00e9e\" \/>\n\t<meta name=\"twitter:data1\" content=\"3 minutes\" \/>\n<script type=\"application\/ld+json\" class=\"yoast-schema-graph\">{\"@context\":\"https:\/\/schema.org\",\"@graph\":[{\"@type\":\"WebPage\",\"@id\":\"http:\/\/lesexperiencesway.fr\/index.php\/privatiser-atelier-peinture-aix-en-provence\/\",\"url\":\"http:\/\/lesexperiencesway.fr\/index.php\/privatiser-atelier-peinture-aix-en-provence\/\",\"name\":\"Privatisation - Les Exp\u00e9riences WAY\",\"isPartOf\":{\"@id\":\"https:\/\/lesexperiencesway.fr\/#website\"},\"primaryImageOfPage\":{\"@id\":\"http:\/\/lesexperiencesway.fr\/index.php\/privatiser-atelier-peinture-aix-en-provence\/#primaryimage\"},\"image\":{\"@id\":\"http:\/\/lesexperiencesway.fr\/index.php\/privatiser-atelier-peinture-aix-en-provence\/#primaryimage\"},\"thumbnailUrl\":\"http:\/\/lesexperiencesway.fr\/wp-content\/uploads\/2026\/02\/APERO_PEINTURE_AIX_EN_PROVENCE_LES_EXPERIENCES_WAY_04-1024x331.jpg\",\"datePublished\":\"2026-02-11T14:35:39+00:00\",\"dateModified\":\"2026-02-13T15:34:31+00:00\",\"description\":\"Privatisez un atelier Ap\u00e9ro & Peinture \u00e0 Aix-en-Provence pour un anniversaire, une baby shower ou une soir\u00e9e entre amis. Une exp\u00e9rience conviviale et originale.\",\"breadcrumb\":{\"@id\":\"http:\/\/lesexperiencesway.fr\/index.php\/privatiser-atelier-peinture-aix-en-provence\/#breadcrumb\"},\"inLanguage\":\"fr-FR\",\"potentialAction\":[{\"@type\":\"ReadAction\",\"target\":[\"http:\/\/lesexperiencesway.fr\/index.php\/privatiser-atelier-peinture-aix-en-provence\/\"]}]},{\"@type\":\"ImageObject\",\"inLanguage\":\"fr-FR\",\"@id\":\"http:\/\/lesexperiencesway.fr\/index.php\/privatiser-atelier-peinture-aix-en-provence\/#primaryimage\",\"url\":\"https:\/\/lesexperiencesway.fr\/wp-content\/uploads\/2026\/02\/APERO_PEINTURE_AIX_EN_PROVENCE_LES_EXPERIENCES_WAY_04.jpg\",\"contentUrl\":\"https:\/\/lesexperiencesway.fr\/wp-content\/uploads\/2026\/02\/APERO_PEINTURE_AIX_EN_PROVENCE_LES_EXPERIENCES_WAY_04.jpg\",\"width\":1920,\"height\":621},{\"@type\":\"BreadcrumbList\",\"@id\":\"http:\/\/lesexperiencesway.fr\/index.php\/privatiser-atelier-peinture-aix-en-provence\/#breadcrumb\",\"itemListElement\":[{\"@type\":\"ListItem\",\"position\":1,\"name\":\"Home\",\"item\":\"https:\/\/lesexperiencesway.fr\/\"},{\"@type\":\"ListItem\",\"position\":2,\"name\":\"Privatisation\"}]},{\"@type\":\"WebSite\",\"@id\":\"https:\/\/lesexperiencesway.fr\/#website\",\"url\":\"https:\/\/lesexperiencesway.fr\/\",\"name\":\"Les Exp\u00e9riences WAY\",\"description\":\"\",\"potentialAction\":[{\"@type\":\"SearchAction\",\"target\":{\"@type\":\"EntryPoint\",\"urlTemplate\":\"https:\/\/lesexperiencesway.fr\/?s={search_term_string}\"},\"query-input\":{\"@type\":\"PropertyValueSpecification\",\"valueRequired\":true,\"valueName\":\"search_term_string\"}}],\"inLanguage\":\"fr-FR\"}]}<\/script>\n<!-- \/ Yoast SEO plugin. -->","yoast_head_json":{"title":"Privatisation - Les Exp\u00e9riences WAY","description":"Privatisez un atelier Ap\u00e9ro & Peinture \u00e0 Aix-en-Provence pour un anniversaire, une baby shower ou une soir\u00e9e entre amis. Une exp\u00e9rience conviviale et originale.","robots":{"index":"index","follow":"follow","max-snippet":"max-snippet:-1","max-image-preview":"max-image-preview:large","max-video-preview":"max-video-preview:-1"},"canonical":"http:\/\/lesexperiencesway.fr\/index.php\/privatiser-atelier-peinture-aix-en-provence\/","og_locale":"fr_FR","og_type":"article","og_title":"Privatisation - Les Exp\u00e9riences WAY","og_description":"Privatisez un atelier Ap\u00e9ro & Peinture \u00e0 Aix-en-Provence pour un anniversaire, une baby shower ou une soir\u00e9e entre amis. Une exp\u00e9rience conviviale et originale.","og_url":"http:\/\/lesexperiencesway.fr\/index.php\/privatiser-atelier-peinture-aix-en-provence\/","og_site_name":"Les Exp\u00e9riences WAY","article_modified_time":"2026-02-13T15:34:31+00:00","og_image":[{"url":"http:\/\/lesexperiencesway.fr\/wp-content\/uploads\/2026\/02\/APERO_PEINTURE_AIX_EN_PROVENCE_LES_EXPERIENCES_WAY_04-1024x331.jpg","type":"","width":"","height":""}],"twitter_card":"summary_large_image","twitter_misc":{"Dur\u00e9e de lecture estim\u00e9e":"3 minutes"},"schema":{"@context":"https:\/\/schema.org","@graph":[{"@type":"WebPage","@id":"http:\/\/lesexperiencesway.fr\/index.php\/privatiser-atelier-peinture-aix-en-provence\/","url":"http:\/\/lesexperiencesway.fr\/index.php\/privatiser-atelier-peinture-aix-en-provence\/","name":"Privatisation - Les Exp\u00e9riences WAY","isPartOf":{"@id":"https:\/\/lesexperiencesway.fr\/#website"},"primaryImageOfPage":{"@id":"http:\/\/lesexperiencesway.fr\/index.php\/privatiser-atelier-peinture-aix-en-provence\/#primaryimage"},"image":{"@id":"http:\/\/lesexperiencesway.fr\/index.php\/privatiser-atelier-peinture-aix-en-provence\/#primaryimage"},"thumbnailUrl":"http:\/\/lesexperiencesway.fr\/wp-content\/uploads\/2026\/02\/APERO_PEINTURE_AIX_EN_PROVENCE_LES_EXPERIENCES_WAY_04-1024x331.jpg","datePublished":"2026-02-11T14:35:39+00:00","dateModified":"2026-02-13T15:34:31+00:00","description":"Privatisez un atelier Ap\u00e9ro & Peinture \u00e0 Aix-en-Provence pour un anniversaire, une baby shower ou une soir\u00e9e entre amis. Une exp\u00e9rience conviviale et originale.","breadcrumb":{"@id":"http:\/\/lesexperiencesway.fr\/index.php\/privatiser-atelier-peinture-aix-en-provence\/#breadcrumb"},"inLanguage":"fr-FR","potentialAction":[{"@type":"ReadAction","target":["http:\/\/lesexperiencesway.fr\/index.php\/privatiser-atelier-peinture-aix-en-provence\/"]}]},{"@type":"ImageObject","inLanguage":"fr-FR","@id":"http:\/\/lesexperiencesway.fr\/index.php\/privatiser-atelier-peinture-aix-en-provence\/#primaryimage","url":"https:\/\/lesexperiencesway.fr\/wp-content\/uploads\/2026\/02\/APERO_PEINTURE_AIX_EN_PROVENCE_LES_EXPERIENCES_WAY_04.jpg","contentUrl":"https:\/\/lesexperiencesway.fr\/wp-content\/uploads\/2026\/02\/APERO_PEINTURE_AIX_EN_PROVENCE_LES_EXPERIENCES_WAY_04.jpg","width":1920,"height":621},{"@type":"BreadcrumbList","@id":"http:\/\/lesexperiencesway.fr\/index.php\/privatiser-atelier-peinture-aix-en-provence\/#breadcrumb","itemListElement":[{"@type":"ListItem","position":1,"name":"Home","item":"https:\/\/lesexperiencesway.fr\/"},{"@type":"ListItem","position":2,"name":"Privatisation"}]},{"@type":"WebSite","@id":"https:\/\/lesexperiencesway.fr\/#website","url":"https:\/\/lesexperiencesway.fr\/","name":"Les Exp\u00e9riences WAY","description":"","potentialAction":[{"@type":"SearchAction","target":{"@type":"EntryPoint","urlTemplate":"https:\/\/lesexperiencesway.fr\/?s={search_term_string}"},"query-input":{"@type":"PropertyValueSpecification","valueRequired":true,"valueName":"search_term_string"}}],"inLanguage":"fr-FR"}]}},"_links":{"self":[{"href":"https:\/\/lesexperiencesway.fr\/index.php\/wp-json\/wp\/v2\/pages\/29","targetHints":{"allow":["GET"]}}],"collection":[{"href":"https:\/\/lesexperiencesway.fr\/index.php\/wp-json\/wp\/v2\/pages"}],"about":[{"href":"https:\/\/lesexperiencesway.fr\/index.php\/wp-json\/wp\/v2\/types\/page"}],"author":[{"embeddable":true,"href":"https:\/\/lesexperiencesway.fr\/index.php\/wp-json\/wp\/v2\/users\/1"}],"replies":[{"embeddable":true,"href":"https:\/\/lesexperiencesway.fr\/index.php\/wp-json\/wp\/v2\/comments?post=29"}],"version-history":[{"count":12,"href":"https:\/\/lesexperiencesway.fr\/index.php\/wp-json\/wp\/v2\/pages\/29\/revisions"}],"predecessor-version":[{"id":172,"href":"https:\/\/lesexperiencesway.fr\/index.php\/wp-json\/wp\/v2\/pages\/29\/revisions\/172"}],"wp:attachment":[{"href":"https:\/\/lesexperiencesway.fr\/index.php\/wp-json\/wp\/v2\/media?parent=29"}],"curies":[{"name":"wp","href":"https:\/\/api.w.org\/{rel}","templated":true}]}}