{"id":23,"date":"2026-02-11T14:26:11","date_gmt":"2026-02-11T14:26:11","guid":{"rendered":"https:\/\/lesexperiencesway.fr\/?page_id=23"},"modified":"2026-02-13T15:33:43","modified_gmt":"2026-02-13T15:33:43","slug":"team-building-creatif-aix-en-provence","status":"publish","type":"page","link":"https:\/\/lesexperiencesway.fr\/index.php\/team-building-creatif-aix-en-provence\/","title":{"rendered":"Entreprise"},"content":{"rendered":"\n<div class=\"wp-block-cover alignfull is-light\" style=\"min-height:500px;aspect-ratio:unset;\"><img loading=\"lazy\" decoding=\"async\" width=\"1024\" height=\"331\" class=\"wp-block-cover__image-background wp-image-165 size-large\" alt=\"\" src=\"http:\/\/lesexperiencesway.fr\/wp-content\/uploads\/2026\/02\/APERO_PEINTURE_AIX_EN_PROVENCE_LES_EXPERIENCES_WAY_04-1024x331.jpg\" data-object-fit=\"cover\" srcset=\"https:\/\/lesexperiencesway.fr\/wp-content\/uploads\/2026\/02\/APERO_PEINTURE_AIX_EN_PROVENCE_LES_EXPERIENCES_WAY_04-1024x331.jpg 1024w, https:\/\/lesexperiencesway.fr\/wp-content\/uploads\/2026\/02\/APERO_PEINTURE_AIX_EN_PROVENCE_LES_EXPERIENCES_WAY_04-300x97.jpg 300w, https:\/\/lesexperiencesway.fr\/wp-content\/uploads\/2026\/02\/APERO_PEINTURE_AIX_EN_PROVENCE_LES_EXPERIENCES_WAY_04-768x248.jpg 768w, https:\/\/lesexperiencesway.fr\/wp-content\/uploads\/2026\/02\/APERO_PEINTURE_AIX_EN_PROVENCE_LES_EXPERIENCES_WAY_04-1536x497.jpg 1536w, https:\/\/lesexperiencesway.fr\/wp-content\/uploads\/2026\/02\/APERO_PEINTURE_AIX_EN_PROVENCE_LES_EXPERIENCES_WAY_04.jpg 1920w\" sizes=\"auto, (max-width: 1024px) 100vw, 1024px\" \/><span aria-hidden=\"true\" class=\"wp-block-cover__background has-background-dim-0 has-background-dim\" style=\"background-color:#beabb9\"><\/span><div class=\"wp-block-cover__inner-container has-global-padding is-layout-constrained wp-block-cover-is-layout-constrained\">\n<div class=\"wp-block-group is-vertical is-content-justification-center is-layout-flex wp-container-core-group-is-layout-27e8027c wp-block-group-is-layout-flex\" style=\"padding-top:0;padding-right:2.01rem;padding-bottom:0;padding-left:2.01rem\">\n<h1 class=\"wp-block-heading has-text-color has-prata-regular-font-family\" style=\"color:#203c7d;font-size:clamp(1.976rem, 1.976rem + ((1vw - 0.2rem) * 2.771), 3.5rem);\">Entreprise<\/h1>\n<\/div>\n<\/div><\/div>\n\n\n\n<h1 class=\"wp-block-heading has-text-align-center has-text-color has-link-color has-medium-font-size wp-elements-b3cd28d187cd811ae2068b597cabc885\" style=\"color:#203c7d;margin-right:0;margin-left:0\"><strong>Team building cr\u00e9atif \u00e0 Aix-en-Provence<\/strong><br><strong>Une exp\u00e9rience f\u00e9d\u00e9ratrice pour vos \u00e9quipes<\/strong><\/h1>\n\n\n\n<p class=\"has-text-align-center\">Et si vous proposiez \u00e0 vos \u00e9quipes un moment qui change vraiment du cadre habituel ?<br><br>Aux <strong>Exp\u00e9riences WAY<\/strong>, nous organisons des ateliers cr\u00e9atifs pens\u00e9s pour renforcer les liens, encourager la collaboration et offrir une vraie parenth\u00e8se dans le rythme professionnel.<br><br>Accessible \u00e0 tous &#8211; m\u00eame aux moins cr\u00e9atifs &#8211; notre atelier Ap\u00e9ro &amp; Peinture transforme votre team building en exp\u00e9rience conviviale et m\u00e9morable !<\/p>\n\n\n\n<div class=\"wp-block-group alignwide has-global-padding is-layout-constrained wp-container-core-group-is-layout-3bef3681 wp-block-group-is-layout-constrained\" style=\"padding-top:4.51rem;padding-right:0;padding-bottom:4.51rem;padding-left:0\">\n<div class=\"wp-block-media-text alignwide has-media-on-the-right is-stacked-on-mobile\" style=\"margin-right:0;margin-left:0;padding-right:0;padding-left:0\"><div class=\"wp-block-media-text__content\">\n<div class=\"wp-block-group has-global-padding is-layout-constrained wp-container-core-group-is-layout-0395af79 wp-block-group-is-layout-constrained\" style=\"padding-top:4.51rem;padding-right:2.71rem;padding-bottom:4.51rem;padding-left:0\">\n<h2 class=\"wp-block-heading has-text-align-left has-text-color has-link-color wp-elements-7beb6fa5c89b95831f57a6606a00125e\" style=\"color:#203c7d;font-size:clamp(1.383rem, 1.383rem + ((1vw - 0.2rem) * 1.595), 2.26rem);\">Une activit\u00e9 qui rassemble naturellement<\/h2>\n\n\n\n<p>Pas toujours simple de trouver une activit\u00e9 capable de f\u00e9d\u00e9rer toute une \u00e9quipe.<\/p>\n\n\n\n<p>La peinture a ce pouvoir : elle casse les barri\u00e8res, encourage les \u00e9changes et remet tout le monde sur un pied d\u2019\u00e9galit\u00e9.<\/p>\n\n\n\n<p>R\u00e9sultat :<\/p>\n\n\n\n<p>\u2714 les personnalit\u00e9s se r\u00e9v\u00e8lent<br>\u2714 la communication devient plus fluide<br>\u2714 la coh\u00e9sion se renforce<br>\u2714 et surtout\u2026 tout le monde passe un bon moment<\/p>\n\n\n\n<p>Sans pression, sans performance.<\/p>\n\n\n\n<div class=\"wp-block-buttons is-layout-flex wp-block-buttons-is-layout-flex\" style=\"margin-top:2.01rem;margin-bottom:0\">\n<div class=\"wp-block-button is-style-fill\"><a class=\"wp-block-button__link has-text-color has-background has-custom-font-size wp-element-button\" href=\"mailto:lesexperiencesway@gmail.com\" style=\"border-radius:6px;color:#fffffd;background-color:#203c7d;padding-top:9px;padding-right:50px;padding-bottom:9px;padding-left:50px;font-size:clamp(0.875rem, 0.875rem + ((1vw - 0.2rem) * 0.464), 1.13rem);\">ORGANISER UN TEAM BUILDING<\/a><\/div>\n<\/div>\n<\/div>\n<\/div><figure class=\"wp-block-media-text__media\"><img loading=\"lazy\" decoding=\"async\" width=\"737\" height=\"799\" src=\"http:\/\/lesexperiencesway.fr\/wp-content\/uploads\/2026\/02\/TEAM_BUILDING_CREATIF_AIX_EN_PROVENCE_03.jpg\" alt=\"team building cr\u00e9atif aix en provence activit\u00e9 s\u00e9minaire les exp\u00e9riences WAY\" class=\"wp-image-110 size-full\" srcset=\"https:\/\/lesexperiencesway.fr\/wp-content\/uploads\/2026\/02\/TEAM_BUILDING_CREATIF_AIX_EN_PROVENCE_03.jpg 737w, https:\/\/lesexperiencesway.fr\/wp-content\/uploads\/2026\/02\/TEAM_BUILDING_CREATIF_AIX_EN_PROVENCE_03-277x300.jpg 277w\" sizes=\"auto, (max-width: 737px) 100vw, 737px\" \/><\/figure><\/div>\n<\/div>\n\n\n\n<div class=\"wp-block-group alignwide has-global-padding is-layout-constrained wp-container-core-group-is-layout-3bef3681 wp-block-group-is-layout-constrained\" style=\"padding-top:4.51rem;padding-right:0;padding-bottom:4.51rem;padding-left:0\">\n<div class=\"wp-block-media-text alignwide is-stacked-on-mobile\" style=\"margin-right:0;margin-left:0;padding-right:0;padding-left:0\"><figure class=\"wp-block-media-text__media\"><img loading=\"lazy\" decoding=\"async\" width=\"737\" height=\"799\" src=\"http:\/\/lesexperiencesway.fr\/wp-content\/uploads\/2026\/02\/TEAM_BUILDING_CREATIF_AIX_EN_PROVENCE_01.jpg\" alt=\"team building cr\u00e9atif aix en provence activit\u00e9 s\u00e9minaire les exp\u00e9riences WAY\" class=\"wp-image-113 size-full\" srcset=\"https:\/\/lesexperiencesway.fr\/wp-content\/uploads\/2026\/02\/TEAM_BUILDING_CREATIF_AIX_EN_PROVENCE_01.jpg 737w, https:\/\/lesexperiencesway.fr\/wp-content\/uploads\/2026\/02\/TEAM_BUILDING_CREATIF_AIX_EN_PROVENCE_01-277x300.jpg 277w\" sizes=\"auto, (max-width: 737px) 100vw, 737px\" \/><\/figure><div class=\"wp-block-media-text__content\">\n<div class=\"wp-block-group has-global-padding is-layout-constrained wp-container-core-group-is-layout-9df9b23c wp-block-group-is-layout-constrained\" style=\"padding-top:4.51rem;padding-right:0;padding-bottom:4.51rem;padding-left:2.71rem\">\n<h2 class=\"wp-block-heading has-text-align-left has-text-color has-link-color wp-elements-711c6af7eb291572c4492421a33bb5d0\" style=\"color:#203c7d;font-size:clamp(1.383rem, 1.383rem + ((1vw - 0.2rem) * 1.595), 2.26rem);\">Deux formats pour votre team building<\/h2>\n\n\n\n<p>\ud83c\udfa8 <strong>Atelier Peinture individuel : <\/strong>Chaque participant r\u00e9alise sa toile, guid\u00e9 pas \u00e0 pas.<br>Un format id\u00e9al pour favoriser la d\u00e9tente, la cr\u00e9ativit\u00e9 et les \u00e9changes informels<br><br>\ud83d\udd8c\ufe0f <strong>Fresque collaborative sur-mesure :<\/strong> Votre \u00e9quipe peint ensemble une \u0153uvre grand format, divis\u00e9e en plusieurs sections.<br>Chacun contribue \u00e0 un projet commun &#8211; une m\u00e9taphore parfaite du travail d\u2019\u00e9quipe.<\/p>\n\n\n\n<div class=\"wp-block-buttons is-layout-flex wp-block-buttons-is-layout-flex\" style=\"margin-top:2.01rem;margin-bottom:0\">\n<div class=\"wp-block-button is-style-fill\"><a class=\"wp-block-button__link has-text-color has-background has-custom-font-size wp-element-button\" href=\"mailto:lesexperiencesway@gmail.com\" style=\"border-radius:6px;color:#fffffd;background-color:#203c7d;padding-top:9px;padding-right:50px;padding-bottom:9px;padding-left:50px;font-size:clamp(0.875rem, 0.875rem + ((1vw - 0.2rem) * 0.464), 1.13rem);\">PARLONS DE VOTRE \u00c9V\u00c8NEMENT<\/a><\/div>\n<\/div>\n<\/div>\n<\/div><\/div>\n<\/div>\n\n\n\n<div class=\"wp-block-group alignwide has-global-padding is-layout-constrained wp-container-core-group-is-layout-3bef3681 wp-block-group-is-layout-constrained\" style=\"padding-top:4.51rem;padding-right:0;padding-bottom:4.51rem;padding-left:0\">\n<div class=\"wp-block-media-text alignwide has-media-on-the-right is-stacked-on-mobile\" style=\"margin-right:0;margin-left:0;padding-right:0;padding-left:0\"><div class=\"wp-block-media-text__content\">\n<div class=\"wp-block-group has-global-padding is-layout-constrained wp-container-core-group-is-layout-0395af79 wp-block-group-is-layout-constrained\" style=\"padding-top:4.51rem;padding-right:2.71rem;padding-bottom:4.51rem;padding-left:0\">\n<h2 class=\"wp-block-heading has-text-align-left has-text-color has-link-color wp-elements-a9cec86ff84dba0edbb4c8c6c4e8bebd\" style=\"color:#203c7d;font-size:clamp(1.383rem, 1.383rem + ((1vw - 0.2rem) * 1.595), 2.26rem);\">Simple \u00e0 organiser, facile \u00e0 vivre<\/h2>\n\n\n\n<p>Nous avons con\u00e7u nos ateliers pour que tout soit fluide c\u00f4t\u00e9 organisation.<\/p>\n\n\n\n<p>\u2714 accompagnement complet<br>\u2714 mat\u00e9riel fourni<br>\u2714 accessible aux d\u00e9butants<br>\u2714 formats adaptables selon votre groupe<\/p>\n\n\n\n<p>Nous vous accueillons dans notre atelier en centre-ville d\u2019Aix-en-Provence et pouvons \u00e9galement \u00e9tudier une intervention directement dans vos locaux ou sur votre lieu de s\u00e9minaire.<\/p>\n\n\n\n<div class=\"wp-block-buttons is-layout-flex wp-block-buttons-is-layout-flex\" style=\"margin-top:2.01rem;margin-bottom:0\">\n<div class=\"wp-block-button is-style-fill\"><a class=\"wp-block-button__link has-text-color has-background has-custom-font-size wp-element-button\" href=\"mailto:lesexperiencesway@gmail.com\" style=\"border-radius:6px;color:#fffffd;background-color:#203c7d;padding-top:9px;padding-right:50px;padding-bottom:9px;padding-left:50px;font-size:clamp(0.875rem, 0.875rem + ((1vw - 0.2rem) * 0.464), 1.13rem);\">RECEVOIR UNE PROPOSITION<\/a><\/div>\n<\/div>\n<\/div>\n<\/div><figure class=\"wp-block-media-text__media\"><img loading=\"lazy\" decoding=\"async\" width=\"737\" height=\"799\" src=\"http:\/\/lesexperiencesway.fr\/wp-content\/uploads\/2026\/02\/TEAM_BUILDING_CREATIF_AIX_EN_PROVENCE_02.jpg\" alt=\"team building cr\u00e9atif aix en provence activit\u00e9 s\u00e9minaire les exp\u00e9riences WAY\" class=\"wp-image-114 size-full\" srcset=\"https:\/\/lesexperiencesway.fr\/wp-content\/uploads\/2026\/02\/TEAM_BUILDING_CREATIF_AIX_EN_PROVENCE_02.jpg 737w, https:\/\/lesexperiencesway.fr\/wp-content\/uploads\/2026\/02\/TEAM_BUILDING_CREATIF_AIX_EN_PROVENCE_02-277x300.jpg 277w\" sizes=\"auto, (max-width: 737px) 100vw, 737px\" \/><\/figure><\/div>\n<\/div>\n\n\n\n<div class=\"wp-block-cover alignfull is-light\"><img loading=\"lazy\" decoding=\"async\" width=\"1024\" height=\"328\" class=\"wp-block-cover__image-background wp-image-168 size-large\" alt=\"\" src=\"http:\/\/lesexperiencesway.fr\/wp-content\/uploads\/2026\/02\/APERO_PEINTURE_AIX_EN_PROVENCE_LES_EXPERIENCES_WAY_03-1-1024x328.jpg\" data-object-fit=\"cover\" srcset=\"https:\/\/lesexperiencesway.fr\/wp-content\/uploads\/2026\/02\/APERO_PEINTURE_AIX_EN_PROVENCE_LES_EXPERIENCES_WAY_03-1-1024x328.jpg 1024w, https:\/\/lesexperiencesway.fr\/wp-content\/uploads\/2026\/02\/APERO_PEINTURE_AIX_EN_PROVENCE_LES_EXPERIENCES_WAY_03-1-300x96.jpg 300w, https:\/\/lesexperiencesway.fr\/wp-content\/uploads\/2026\/02\/APERO_PEINTURE_AIX_EN_PROVENCE_LES_EXPERIENCES_WAY_03-1-768x246.jpg 768w, https:\/\/lesexperiencesway.fr\/wp-content\/uploads\/2026\/02\/APERO_PEINTURE_AIX_EN_PROVENCE_LES_EXPERIENCES_WAY_03-1-1536x492.jpg 1536w, https:\/\/lesexperiencesway.fr\/wp-content\/uploads\/2026\/02\/APERO_PEINTURE_AIX_EN_PROVENCE_LES_EXPERIENCES_WAY_03-1.jpg 1920w\" sizes=\"auto, (max-width: 1024px) 100vw, 1024px\" \/><span aria-hidden=\"true\" class=\"wp-block-cover__background has-background-dim-0 has-background-dim\" style=\"background-color:#b8a8c0\"><\/span><div class=\"wp-block-cover__inner-container has-global-padding is-layout-constrained wp-block-cover-is-layout-constrained\">\n<div class=\"wp-block-group has-global-padding is-layout-constrained wp-container-core-group-is-layout-92ef7b19 wp-block-group-is-layout-constrained\">\n<div class=\"wp-block-group is-vertical is-content-justification-center is-layout-flex wp-container-core-group-is-layout-df5e5584 wp-block-group-is-layout-flex\" style=\"padding-top:0;padding-right:2.01rem;padding-bottom:0;padding-left:2.01rem\">\n<h2 class=\"wp-block-heading has-text-align-center has-text-color\" style=\"color:#ffffff;font-size:clamp(1.383rem, 1.383rem + ((1vw - 0.2rem) * 1.595), 2.26rem);font-style:normal;font-weight:500\">Offrez \u00e0 vos \u00e9quipes un moment dont elles se souviendront<\/h2>\n\n\n\n<p class=\"has-text-align-center has-text-color\" style=\"color:#ffffff;font-size:clamp(0.875rem, 0.875rem + ((1vw - 0.2rem) * 0.464), 1.13rem);\">Bien plus qu\u2019une activit\u00e9, c\u2019est un moment de respiration dans le quotidien professionnel.<\/p>\n\n\n\n<p class=\"has-text-align-center has-text-color\" style=\"color:#ffffff;font-size:clamp(0.875rem, 0.875rem + ((1vw - 0.2rem) * 0.464), 1.13rem);\">Un temps pour cr\u00e9er ensemble, rire, \u00e9changer autrement\u2026 et repartir avec un souvenir tangible de cette exp\u00e9rience collective.<\/p>\n\n\n\n<div class=\"wp-block-buttons is-layout-flex wp-block-buttons-is-layout-flex\">\n<div class=\"wp-block-button is-style-fill\"><a class=\"wp-block-button__link has-text-color has-background has-custom-font-size wp-element-button\" href=\"mailto:lesexperiencesway@gmail.com\" style=\"border-radius:6px;color:#fffffd;background-color:#203c7d;padding-top:9px;padding-right:50px;padding-bottom:9px;padding-left:50px;font-size:clamp(0.875rem, 0.875rem + ((1vw - 0.2rem) * 0.464), 1.13rem);\">DEMANDER UN DEVIS<\/a><\/div>\n<\/div>\n<\/div>\n<\/div>\n<\/div><\/div>\n","protected":false},"excerpt":{"rendered":"<p>Team building cr\u00e9atif \u00e0 Aix-en-ProvenceUne exp\u00e9rience f\u00e9d\u00e9ratrice pour vos \u00e9quipes Et si vous proposiez \u00e0 vos \u00e9quipes un moment qui change vraiment du cadre habituel ? Aux Exp\u00e9riences WAY, nous organisons des ateliers cr\u00e9atifs pens\u00e9s pour renforcer les liens, encourager la collaboration et offrir une vraie parenth\u00e8se dans le rythme professionnel. Accessible \u00e0 tous &#8211; [&hellip;]<\/p>\n","protected":false},"author":1,"featured_media":0,"parent":0,"menu_order":0,"comment_status":"closed","ping_status":"closed","template":"","meta":{"footnotes":""},"class_list":["post-23","page","type-page","status-publish","hentry"],"yoast_head":"<!-- This site is optimized with the Yoast SEO plugin v26.9 - https:\/\/yoast.com\/product\/yoast-seo-wordpress\/ -->\n<title>Entreprise - Les Exp\u00e9riences WAY<\/title>\n<meta name=\"description\" content=\"Organisez un team building cr\u00e9atif \u00e0 Aix-en-Provence avec un atelier peinture ou une fresque collaborative. Une activit\u00e9 conviviale pour renforcer la coh\u00e9sion d\u2019\u00e9quipe.\" \/>\n<meta name=\"robots\" content=\"index, follow, max-snippet:-1, max-image-preview:large, max-video-preview:-1\" \/>\n<link rel=\"canonical\" href=\"https:\/\/lesexperiencesway.fr\/index.php\/team-building-creatif-aix-en-provence\/\" \/>\n<meta property=\"og:locale\" content=\"fr_FR\" \/>\n<meta property=\"og:type\" content=\"article\" \/>\n<meta property=\"og:title\" content=\"Entreprise - Les Exp\u00e9riences WAY\" \/>\n<meta property=\"og:description\" content=\"Organisez un team building cr\u00e9atif \u00e0 Aix-en-Provence avec un atelier peinture ou une fresque collaborative. Une activit\u00e9 conviviale pour renforcer la coh\u00e9sion d\u2019\u00e9quipe.\" \/>\n<meta property=\"og:url\" content=\"https:\/\/lesexperiencesway.fr\/index.php\/team-building-creatif-aix-en-provence\/\" \/>\n<meta property=\"og:site_name\" content=\"Les Exp\u00e9riences WAY\" \/>\n<meta property=\"article:modified_time\" content=\"2026-02-13T15:33:43+00:00\" \/>\n<meta property=\"og:image\" content=\"http:\/\/lesexperiencesway.fr\/wp-content\/uploads\/2026\/02\/APERO_PEINTURE_AIX_EN_PROVENCE_LES_EXPERIENCES_WAY_04-1024x331.jpg\" \/>\n<meta name=\"twitter:card\" content=\"summary_large_image\" \/>\n<meta name=\"twitter:label1\" content=\"Dur\u00e9e de lecture estim\u00e9e\" \/>\n\t<meta name=\"twitter:data1\" content=\"3 minutes\" \/>\n<script type=\"application\/ld+json\" class=\"yoast-schema-graph\">{\"@context\":\"https:\/\/schema.org\",\"@graph\":[{\"@type\":\"WebPage\",\"@id\":\"https:\/\/lesexperiencesway.fr\/index.php\/team-building-creatif-aix-en-provence\/\",\"url\":\"https:\/\/lesexperiencesway.fr\/index.php\/team-building-creatif-aix-en-provence\/\",\"name\":\"Entreprise - Les Exp\u00e9riences WAY\",\"isPartOf\":{\"@id\":\"https:\/\/lesexperiencesway.fr\/#website\"},\"primaryImageOfPage\":{\"@id\":\"https:\/\/lesexperiencesway.fr\/index.php\/team-building-creatif-aix-en-provence\/#primaryimage\"},\"image\":{\"@id\":\"https:\/\/lesexperiencesway.fr\/index.php\/team-building-creatif-aix-en-provence\/#primaryimage\"},\"thumbnailUrl\":\"http:\/\/lesexperiencesway.fr\/wp-content\/uploads\/2026\/02\/APERO_PEINTURE_AIX_EN_PROVENCE_LES_EXPERIENCES_WAY_04-1024x331.jpg\",\"datePublished\":\"2026-02-11T14:26:11+00:00\",\"dateModified\":\"2026-02-13T15:33:43+00:00\",\"description\":\"Organisez un team building cr\u00e9atif \u00e0 Aix-en-Provence avec un atelier peinture ou une fresque collaborative. Une activit\u00e9 conviviale pour renforcer la coh\u00e9sion d\u2019\u00e9quipe.\",\"breadcrumb\":{\"@id\":\"https:\/\/lesexperiencesway.fr\/index.php\/team-building-creatif-aix-en-provence\/#breadcrumb\"},\"inLanguage\":\"fr-FR\",\"potentialAction\":[{\"@type\":\"ReadAction\",\"target\":[\"https:\/\/lesexperiencesway.fr\/index.php\/team-building-creatif-aix-en-provence\/\"]}]},{\"@type\":\"ImageObject\",\"inLanguage\":\"fr-FR\",\"@id\":\"https:\/\/lesexperiencesway.fr\/index.php\/team-building-creatif-aix-en-provence\/#primaryimage\",\"url\":\"https:\/\/lesexperiencesway.fr\/wp-content\/uploads\/2026\/02\/APERO_PEINTURE_AIX_EN_PROVENCE_LES_EXPERIENCES_WAY_04.jpg\",\"contentUrl\":\"https:\/\/lesexperiencesway.fr\/wp-content\/uploads\/2026\/02\/APERO_PEINTURE_AIX_EN_PROVENCE_LES_EXPERIENCES_WAY_04.jpg\",\"width\":1920,\"height\":621},{\"@type\":\"BreadcrumbList\",\"@id\":\"https:\/\/lesexperiencesway.fr\/index.php\/team-building-creatif-aix-en-provence\/#breadcrumb\",\"itemListElement\":[{\"@type\":\"ListItem\",\"position\":1,\"name\":\"Home\",\"item\":\"https:\/\/lesexperiencesway.fr\/\"},{\"@type\":\"ListItem\",\"position\":2,\"name\":\"Entreprise\"}]},{\"@type\":\"WebSite\",\"@id\":\"https:\/\/lesexperiencesway.fr\/#website\",\"url\":\"https:\/\/lesexperiencesway.fr\/\",\"name\":\"Les Exp\u00e9riences WAY\",\"description\":\"\",\"potentialAction\":[{\"@type\":\"SearchAction\",\"target\":{\"@type\":\"EntryPoint\",\"urlTemplate\":\"https:\/\/lesexperiencesway.fr\/?s={search_term_string}\"},\"query-input\":{\"@type\":\"PropertyValueSpecification\",\"valueRequired\":true,\"valueName\":\"search_term_string\"}}],\"inLanguage\":\"fr-FR\"}]}<\/script>\n<!-- \/ Yoast SEO plugin. -->","yoast_head_json":{"title":"Entreprise - Les Exp\u00e9riences WAY","description":"Organisez un team building cr\u00e9atif \u00e0 Aix-en-Provence avec un atelier peinture ou une fresque collaborative. Une activit\u00e9 conviviale pour renforcer la coh\u00e9sion d\u2019\u00e9quipe.","robots":{"index":"index","follow":"follow","max-snippet":"max-snippet:-1","max-image-preview":"max-image-preview:large","max-video-preview":"max-video-preview:-1"},"canonical":"https:\/\/lesexperiencesway.fr\/index.php\/team-building-creatif-aix-en-provence\/","og_locale":"fr_FR","og_type":"article","og_title":"Entreprise - Les Exp\u00e9riences WAY","og_description":"Organisez un team building cr\u00e9atif \u00e0 Aix-en-Provence avec un atelier peinture ou une fresque collaborative. Une activit\u00e9 conviviale pour renforcer la coh\u00e9sion d\u2019\u00e9quipe.","og_url":"https:\/\/lesexperiencesway.fr\/index.php\/team-building-creatif-aix-en-provence\/","og_site_name":"Les Exp\u00e9riences WAY","article_modified_time":"2026-02-13T15:33:43+00:00","og_image":[{"url":"http:\/\/lesexperiencesway.fr\/wp-content\/uploads\/2026\/02\/APERO_PEINTURE_AIX_EN_PROVENCE_LES_EXPERIENCES_WAY_04-1024x331.jpg","type":"","width":"","height":""}],"twitter_card":"summary_large_image","twitter_misc":{"Dur\u00e9e de lecture estim\u00e9e":"3 minutes"},"schema":{"@context":"https:\/\/schema.org","@graph":[{"@type":"WebPage","@id":"https:\/\/lesexperiencesway.fr\/index.php\/team-building-creatif-aix-en-provence\/","url":"https:\/\/lesexperiencesway.fr\/index.php\/team-building-creatif-aix-en-provence\/","name":"Entreprise - Les Exp\u00e9riences WAY","isPartOf":{"@id":"https:\/\/lesexperiencesway.fr\/#website"},"primaryImageOfPage":{"@id":"https:\/\/lesexperiencesway.fr\/index.php\/team-building-creatif-aix-en-provence\/#primaryimage"},"image":{"@id":"https:\/\/lesexperiencesway.fr\/index.php\/team-building-creatif-aix-en-provence\/#primaryimage"},"thumbnailUrl":"http:\/\/lesexperiencesway.fr\/wp-content\/uploads\/2026\/02\/APERO_PEINTURE_AIX_EN_PROVENCE_LES_EXPERIENCES_WAY_04-1024x331.jpg","datePublished":"2026-02-11T14:26:11+00:00","dateModified":"2026-02-13T15:33:43+00:00","description":"Organisez un team building cr\u00e9atif \u00e0 Aix-en-Provence avec un atelier peinture ou une fresque collaborative. Une activit\u00e9 conviviale pour renforcer la coh\u00e9sion d\u2019\u00e9quipe.","breadcrumb":{"@id":"https:\/\/lesexperiencesway.fr\/index.php\/team-building-creatif-aix-en-provence\/#breadcrumb"},"inLanguage":"fr-FR","potentialAction":[{"@type":"ReadAction","target":["https:\/\/lesexperiencesway.fr\/index.php\/team-building-creatif-aix-en-provence\/"]}]},{"@type":"ImageObject","inLanguage":"fr-FR","@id":"https:\/\/lesexperiencesway.fr\/index.php\/team-building-creatif-aix-en-provence\/#primaryimage","url":"https:\/\/lesexperiencesway.fr\/wp-content\/uploads\/2026\/02\/APERO_PEINTURE_AIX_EN_PROVENCE_LES_EXPERIENCES_WAY_04.jpg","contentUrl":"https:\/\/lesexperiencesway.fr\/wp-content\/uploads\/2026\/02\/APERO_PEINTURE_AIX_EN_PROVENCE_LES_EXPERIENCES_WAY_04.jpg","width":1920,"height":621},{"@type":"BreadcrumbList","@id":"https:\/\/lesexperiencesway.fr\/index.php\/team-building-creatif-aix-en-provence\/#breadcrumb","itemListElement":[{"@type":"ListItem","position":1,"name":"Home","item":"https:\/\/lesexperiencesway.fr\/"},{"@type":"ListItem","position":2,"name":"Entreprise"}]},{"@type":"WebSite","@id":"https:\/\/lesexperiencesway.fr\/#website","url":"https:\/\/lesexperiencesway.fr\/","name":"Les Exp\u00e9riences WAY","description":"","potentialAction":[{"@type":"SearchAction","target":{"@type":"EntryPoint","urlTemplate":"https:\/\/lesexperiencesway.fr\/?s={search_term_string}"},"query-input":{"@type":"PropertyValueSpecification","valueRequired":true,"valueName":"search_term_string"}}],"inLanguage":"fr-FR"}]}},"_links":{"self":[{"href":"https:\/\/lesexperiencesway.fr\/index.php\/wp-json\/wp\/v2\/pages\/23","targetHints":{"allow":["GET"]}}],"collection":[{"href":"https:\/\/lesexperiencesway.fr\/index.php\/wp-json\/wp\/v2\/pages"}],"about":[{"href":"https:\/\/lesexperiencesway.fr\/index.php\/wp-json\/wp\/v2\/types\/page"}],"author":[{"embeddable":true,"href":"https:\/\/lesexperiencesway.fr\/index.php\/wp-json\/wp\/v2\/users\/1"}],"replies":[{"embeddable":true,"href":"https:\/\/lesexperiencesway.fr\/index.php\/wp-json\/wp\/v2\/comments?post=23"}],"version-history":[{"count":14,"href":"https:\/\/lesexperiencesway.fr\/index.php\/wp-json\/wp\/v2\/pages\/23\/revisions"}],"predecessor-version":[{"id":170,"href":"https:\/\/lesexperiencesway.fr\/index.php\/wp-json\/wp\/v2\/pages\/23\/revisions\/170"}],"wp:attachment":[{"href":"https:\/\/lesexperiencesway.fr\/index.php\/wp-json\/wp\/v2\/media?parent=23"}],"curies":[{"name":"wp","href":"https:\/\/api.w.org\/{rel}","templated":true}]}}