{"id":13,"date":"2026-02-11T13:08:23","date_gmt":"2026-02-11T13:08:23","guid":{"rendered":"http:\/\/lesexperiencesway.fr\/?page_id=13"},"modified":"2026-02-13T15:32:47","modified_gmt":"2026-02-13T15:32:47","slug":"evjf-aix-en-provence-atelier-peinture","status":"publish","type":"page","link":"https:\/\/lesexperiencesway.fr\/index.php\/evjf-aix-en-provence-atelier-peinture\/","title":{"rendered":"EVJF"},"content":{"rendered":"\n<div class=\"wp-block-cover alignfull is-light\" style=\"min-height:500px;aspect-ratio:unset;\"><img loading=\"lazy\" decoding=\"async\" width=\"1024\" height=\"331\" class=\"wp-block-cover__image-background wp-image-165 size-large\" alt=\"\" src=\"http:\/\/lesexperiencesway.fr\/wp-content\/uploads\/2026\/02\/APERO_PEINTURE_AIX_EN_PROVENCE_LES_EXPERIENCES_WAY_04-1024x331.jpg\" data-object-fit=\"cover\" srcset=\"https:\/\/lesexperiencesway.fr\/wp-content\/uploads\/2026\/02\/APERO_PEINTURE_AIX_EN_PROVENCE_LES_EXPERIENCES_WAY_04-1024x331.jpg 1024w, https:\/\/lesexperiencesway.fr\/wp-content\/uploads\/2026\/02\/APERO_PEINTURE_AIX_EN_PROVENCE_LES_EXPERIENCES_WAY_04-300x97.jpg 300w, https:\/\/lesexperiencesway.fr\/wp-content\/uploads\/2026\/02\/APERO_PEINTURE_AIX_EN_PROVENCE_LES_EXPERIENCES_WAY_04-768x248.jpg 768w, https:\/\/lesexperiencesway.fr\/wp-content\/uploads\/2026\/02\/APERO_PEINTURE_AIX_EN_PROVENCE_LES_EXPERIENCES_WAY_04-1536x497.jpg 1536w, https:\/\/lesexperiencesway.fr\/wp-content\/uploads\/2026\/02\/APERO_PEINTURE_AIX_EN_PROVENCE_LES_EXPERIENCES_WAY_04.jpg 1920w\" sizes=\"auto, (max-width: 1024px) 100vw, 1024px\" \/><span aria-hidden=\"true\" class=\"wp-block-cover__background has-background-dim-0 has-background-dim\" style=\"background-color:#beabb9\"><\/span><div class=\"wp-block-cover__inner-container has-global-padding is-layout-constrained wp-block-cover-is-layout-constrained\">\n<div class=\"wp-block-group is-vertical is-content-justification-center is-layout-flex wp-container-core-group-is-layout-27e8027c wp-block-group-is-layout-flex\" style=\"padding-top:0;padding-right:2.01rem;padding-bottom:0;padding-left:2.01rem\">\n<h1 class=\"wp-block-heading has-text-color has-prata-regular-font-family\" style=\"color:#203c7d;font-size:clamp(1.976rem, 1.976rem + ((1vw - 0.2rem) * 2.771), 3.5rem);\">EVJF<\/h1>\n<\/div>\n<\/div><\/div>\n\n\n\n<div class=\"wp-block-group alignwide has-global-padding is-layout-constrained wp-container-core-group-is-layout-3bef3681 wp-block-group-is-layout-constrained\" style=\"padding-top:4.51rem;padding-right:0;padding-bottom:4.51rem;padding-left:0\">\n<div class=\"wp-block-media-text alignwide has-media-on-the-right is-stacked-on-mobile\" style=\"margin-right:0;margin-left:0;padding-right:0;padding-left:0\"><div class=\"wp-block-media-text__content\">\n<div class=\"wp-block-group has-global-padding is-layout-constrained wp-container-core-group-is-layout-0395af79 wp-block-group-is-layout-constrained\" style=\"padding-top:4.51rem;padding-right:2.71rem;padding-bottom:4.51rem;padding-left:0\">\n<h2 class=\"wp-block-heading has-text-align-left has-text-color has-link-color wp-elements-951a5c1b22e1394c4c801e3feba766af\" style=\"color:#203c7d;font-size:clamp(1.383rem, 1.383rem + ((1vw - 0.2rem) * 1.595), 2.26rem);\">L\u2019activit\u00e9 EVJF id\u00e9ale : cr\u00e9ative, facile et f\u00e9d\u00e9ratrice<\/h2>\n\n\n\n<p>Organiser un EVJF peut vite devenir un casse-t\u00eate : il faut une activit\u00e9 qui plaise \u00e0 tout le monde.<\/p>\n\n\n\n<p>Bonne nouvelle, notre atelier coche toutes les cases :<\/p>\n\n\n\n<p>\u2728 accessible aux d\u00e9butantes<br>\u2728 z\u00e9ro comp\u00e9tition<br>\u2728 un vrai moment de partage<br>\u2728 un souvenir ind\u00e9l\u00e9bile \u00e0 emporter<br>\u2728 une vraie exp\u00e9rience de groupe<\/p>\n\n\n\n<p>C\u2019est le genre de moment dont on reparle encore longtemps et dont on se souvient !<\/p>\n\n\n\n<div class=\"wp-block-buttons is-layout-flex wp-block-buttons-is-layout-flex\" style=\"margin-top:2.01rem;margin-bottom:0\">\n<div class=\"wp-block-button is-style-fill\"><a class=\"wp-block-button__link has-text-color has-background has-custom-font-size wp-element-button\" href=\"mailto:lesexperiencesway@gmail.com\" style=\"border-radius:6px;color:#fffffd;background-color:#203c7d;padding-top:9px;padding-right:50px;padding-bottom:9px;padding-left:50px;font-size:clamp(0.875rem, 0.875rem + ((1vw - 0.2rem) * 0.464), 1.13rem);\">PR\u00c9PARER L&rsquo;EVJF PARFAIT<\/a><\/div>\n<\/div>\n<\/div>\n<\/div><figure class=\"wp-block-media-text__media\"><img loading=\"lazy\" decoding=\"async\" width=\"737\" height=\"799\" src=\"http:\/\/lesexperiencesway.fr\/wp-content\/uploads\/2026\/02\/EVJF_AIX_EN_PROVENCE_ATELIER_PEINTURE_01.jpg\" alt=\"EVJF aix en provence atelier peinture les exp\u00e9riences way\" class=\"wp-image-89 size-full\" srcset=\"https:\/\/lesexperiencesway.fr\/wp-content\/uploads\/2026\/02\/EVJF_AIX_EN_PROVENCE_ATELIER_PEINTURE_01.jpg 737w, https:\/\/lesexperiencesway.fr\/wp-content\/uploads\/2026\/02\/EVJF_AIX_EN_PROVENCE_ATELIER_PEINTURE_01-277x300.jpg 277w\" sizes=\"auto, (max-width: 737px) 100vw, 737px\" \/><\/figure><\/div>\n<\/div>\n\n\n\n<div class=\"wp-block-group alignwide has-global-padding is-layout-constrained wp-container-core-group-is-layout-3bef3681 wp-block-group-is-layout-constrained\" style=\"padding-top:4.51rem;padding-right:0;padding-bottom:4.51rem;padding-left:0\">\n<div class=\"wp-block-media-text alignwide is-stacked-on-mobile\" style=\"margin-right:0;margin-left:0;padding-right:0;padding-left:0\"><figure class=\"wp-block-media-text__media\"><img loading=\"lazy\" decoding=\"async\" width=\"737\" height=\"799\" src=\"http:\/\/lesexperiencesway.fr\/wp-content\/uploads\/2026\/02\/EVJF_AIX_EN_PROVENCE_ATELIER_PEINTURE_02.jpg\" alt=\"EVJF aix en provence atelier peinture les exp\u00e9riences way\" class=\"wp-image-94 size-full\" srcset=\"https:\/\/lesexperiencesway.fr\/wp-content\/uploads\/2026\/02\/EVJF_AIX_EN_PROVENCE_ATELIER_PEINTURE_02.jpg 737w, https:\/\/lesexperiencesway.fr\/wp-content\/uploads\/2026\/02\/EVJF_AIX_EN_PROVENCE_ATELIER_PEINTURE_02-277x300.jpg 277w\" sizes=\"auto, (max-width: 737px) 100vw, 737px\" \/><\/figure><div class=\"wp-block-media-text__content\">\n<div class=\"wp-block-group has-global-padding is-layout-constrained wp-container-core-group-is-layout-9df9b23c wp-block-group-is-layout-constrained\" style=\"padding-top:4.51rem;padding-right:0;padding-bottom:4.51rem;padding-left:2.71rem\">\n<h2 class=\"wp-block-heading has-text-align-left has-text-color has-link-color wp-elements-390641ea830c6ac2b754470b688b5420\" style=\"color:#203c7d;font-size:clamp(1.383rem, 1.383rem + ((1vw - 0.2rem) * 1.595), 2.26rem);\">Des formules EVJF adapt\u00e9es \u00e0 votre journ\u00e9e<\/h2>\n\n\n\n<p>Parce que chaque EVJF est diff\u00e9rent, nous proposons plusieurs formats, au <strong>prix unique de 39\u20ac\/pers*<\/strong> :<\/p>\n\n\n\n<p><\/p>\n\n\n\n<p>\ud83e\udd50 <strong>Petit-d\u00e9jeuner cr\u00e9atif<\/strong> \u2022 10h-12h \u2022 pour d\u00e9marrer la journ\u00e9e en douceur<\/p>\n\n\n\n<p>\ud83e\udd42 <strong>Brunch &amp; peinture<\/strong> \u2022 11h-13h30 \u2022 convivial et lumineux (*suppl\u00e9ment de 6\u20ac\/pers.)<\/p>\n\n\n\n<p>\ud83c\udf70 <strong>Go\u00fbter<\/strong> \u2022 14h-16h \u2022 parfait pour une pause gourmande<\/p>\n\n\n\n<p>\ud83c\udf77 <strong>Ap\u00e9ro &amp; peinture<\/strong> \u2022 17h-19h \u2022 l\u2019ambiance la plus festive<\/p>\n\n\n\n<p>Vous choisissez le cr\u00e9neau, on s\u2019occupe du reste !<\/p>\n\n\n\n<div class=\"wp-block-buttons is-layout-flex wp-block-buttons-is-layout-flex\" style=\"margin-top:2.01rem;margin-bottom:0\">\n<div class=\"wp-block-button is-style-fill\"><a class=\"wp-block-button__link has-text-color has-background has-custom-font-size wp-element-button\" href=\"mailto:lesexperiencesway@gmail.com\" style=\"border-radius:6px;color:#fffffd;background-color:#203c7d;padding-top:9px;padding-right:50px;padding-bottom:9px;padding-left:50px;font-size:clamp(0.875rem, 0.875rem + ((1vw - 0.2rem) * 0.464), 1.13rem);\">BLOQUER NOTRE DATE<\/a><\/div>\n<\/div>\n<\/div>\n<\/div><\/div>\n<\/div>\n\n\n\n<div class=\"wp-block-group alignwide has-global-padding is-layout-constrained wp-container-core-group-is-layout-3bef3681 wp-block-group-is-layout-constrained\" style=\"padding-top:4.51rem;padding-right:0;padding-bottom:4.51rem;padding-left:0\">\n<div class=\"wp-block-media-text alignwide has-media-on-the-right is-stacked-on-mobile\" style=\"margin-right:0;margin-left:0;padding-right:0;padding-left:0\"><div class=\"wp-block-media-text__content\">\n<div class=\"wp-block-group has-global-padding is-layout-constrained wp-container-core-group-is-layout-0395af79 wp-block-group-is-layout-constrained\" style=\"padding-top:4.51rem;padding-right:2.71rem;padding-bottom:4.51rem;padding-left:0\">\n<h2 class=\"wp-block-heading has-text-align-left has-text-color has-link-color wp-elements-1e8eeed4b1cce8b946433b1953cd46df\" style=\"color:#203c7d;font-size:clamp(1.383rem, 1.383rem + ((1vw - 0.2rem) * 1.595), 2.26rem);\">Un atelier en plein c\u0153ur d\u2019Aix-en-Provence<\/h2>\n\n\n\n<p>Situ\u00e9 en centre-ville, notre atelier est facilement accessible et s\u2019int\u00e8gre parfaitement dans votre programme du week-end.<\/p>\n\n\n\n<p>Un atelier, c&rsquo;est un moment cl\u00e9 du s\u00e9jour : celui o\u00f9 tout le monde se pose, rit et profite vraiment.<\/p>\n\n\n\n<p>\ud83d\udc49 Bonus : vous repartez avec un souvenir que vous avez cr\u00e9\u00e9 vous-m\u00eames.<\/p>\n\n\n\n<div class=\"wp-block-buttons is-layout-flex wp-block-buttons-is-layout-flex\" style=\"margin-top:2.01rem;margin-bottom:0\">\n<div class=\"wp-block-button is-style-fill\"><a class=\"wp-block-button__link has-text-color has-background has-custom-font-size wp-element-button\" href=\"mailto:lesexperiencesway@gmail.com\" style=\"border-radius:6px;color:#fffffd;background-color:#203c7d;padding-top:9px;padding-right:50px;padding-bottom:9px;padding-left:50px;font-size:clamp(0.875rem, 0.875rem + ((1vw - 0.2rem) * 0.464), 1.13rem);\">ON F\u00caTE LA MARI\u00c9E !<\/a><\/div>\n<\/div>\n<\/div>\n<\/div><figure class=\"wp-block-media-text__media\"><img loading=\"lazy\" decoding=\"async\" width=\"737\" height=\"799\" src=\"http:\/\/lesexperiencesway.fr\/wp-content\/uploads\/2026\/02\/EVJF_AIX_EN_PROVENCE_ATELIER_PEINTURE_03.jpg\" alt=\"EVJF aix en provence atelier peinture les exp\u00e9riences way\" class=\"wp-image-95 size-full\" srcset=\"https:\/\/lesexperiencesway.fr\/wp-content\/uploads\/2026\/02\/EVJF_AIX_EN_PROVENCE_ATELIER_PEINTURE_03.jpg 737w, https:\/\/lesexperiencesway.fr\/wp-content\/uploads\/2026\/02\/EVJF_AIX_EN_PROVENCE_ATELIER_PEINTURE_03-277x300.jpg 277w\" sizes=\"auto, (max-width: 737px) 100vw, 737px\" \/><\/figure><\/div>\n<\/div>\n\n\n\n<div class=\"wp-block-group alignwide has-global-padding is-layout-constrained wp-container-core-group-is-layout-3bef3681 wp-block-group-is-layout-constrained\" style=\"padding-top:4.51rem;padding-right:0;padding-bottom:4.51rem;padding-left:0\">\n<div class=\"wp-block-media-text alignwide is-stacked-on-mobile\" style=\"margin-right:0;margin-left:0;padding-right:0;padding-left:0\"><figure class=\"wp-block-media-text__media\"><img loading=\"lazy\" decoding=\"async\" width=\"737\" height=\"799\" src=\"http:\/\/lesexperiencesway.fr\/wp-content\/uploads\/2026\/02\/EVJF_AIX_EN_PROVENCE_ATELIER_PEINTURE_04.jpg\" alt=\"EVJF aix en provence atelier peinture les exp\u00e9riences way\" class=\"wp-image-96 size-full\" srcset=\"https:\/\/lesexperiencesway.fr\/wp-content\/uploads\/2026\/02\/EVJF_AIX_EN_PROVENCE_ATELIER_PEINTURE_04.jpg 737w, https:\/\/lesexperiencesway.fr\/wp-content\/uploads\/2026\/02\/EVJF_AIX_EN_PROVENCE_ATELIER_PEINTURE_04-277x300.jpg 277w\" sizes=\"auto, (max-width: 737px) 100vw, 737px\" \/><\/figure><div class=\"wp-block-media-text__content\">\n<div class=\"wp-block-group has-global-padding is-layout-constrained wp-container-core-group-is-layout-9df9b23c wp-block-group-is-layout-constrained\" style=\"padding-top:4.51rem;padding-right:0;padding-bottom:4.51rem;padding-left:2.71rem\">\n<h2 class=\"wp-block-heading has-text-align-left has-text-color has-link-color wp-elements-0d6f6885a5d8fc347f97cf6a8ed6cccb\" style=\"color:#203c7d;font-size:clamp(1.383rem, 1.383rem + ((1vw - 0.2rem) * 1.595), 2.26rem);\">Pourquoi les groupes EVJF adorent Les Exp\u00e9riences WAY<\/h2>\n\n\n\n<p>Parce que l\u2019ambiance est naturelle, chaleureuse et jamais intimidante.<\/p>\n\n\n\n<p>Parce que m\u00eame celles qui pensent ne pas \u00eatre cr\u00e9atives se d\u00e9couvrent un talent.<\/p>\n\n\n\n<p>Parce que tout est simple \u00e0 organiser.<\/p>\n\n\n\n<p>Et surtout parce que la future mari\u00e9e passe un vrai moment entour\u00e9e des personnes qu\u2019elle aime.<\/p>\n\n\n\n<div class=\"wp-block-buttons is-layout-flex wp-block-buttons-is-layout-flex\" style=\"margin-top:2.01rem;margin-bottom:0\">\n<div class=\"wp-block-button is-style-fill\"><a class=\"wp-block-button__link has-text-color has-background has-custom-font-size wp-element-button\" href=\"mailto:lesexperiencesway@gmail.com\" style=\"border-radius:6px;color:#fffffd;background-color:#203c7d;padding-top:9px;padding-right:50px;padding-bottom:9px;padding-left:50px;font-size:clamp(0.875rem, 0.875rem + ((1vw - 0.2rem) * 0.464), 1.13rem);\">JE PLANIFIE CET EVJF<\/a><\/div>\n<\/div>\n<\/div>\n<\/div><\/div>\n<\/div>\n\n\n\n<div class=\"wp-block-cover alignfull is-light\"><img loading=\"lazy\" decoding=\"async\" width=\"1024\" height=\"328\" class=\"wp-block-cover__image-background wp-image-168 size-large\" alt=\"\" src=\"http:\/\/lesexperiencesway.fr\/wp-content\/uploads\/2026\/02\/APERO_PEINTURE_AIX_EN_PROVENCE_LES_EXPERIENCES_WAY_03-1-1024x328.jpg\" data-object-fit=\"cover\" srcset=\"https:\/\/lesexperiencesway.fr\/wp-content\/uploads\/2026\/02\/APERO_PEINTURE_AIX_EN_PROVENCE_LES_EXPERIENCES_WAY_03-1-1024x328.jpg 1024w, https:\/\/lesexperiencesway.fr\/wp-content\/uploads\/2026\/02\/APERO_PEINTURE_AIX_EN_PROVENCE_LES_EXPERIENCES_WAY_03-1-300x96.jpg 300w, https:\/\/lesexperiencesway.fr\/wp-content\/uploads\/2026\/02\/APERO_PEINTURE_AIX_EN_PROVENCE_LES_EXPERIENCES_WAY_03-1-768x246.jpg 768w, https:\/\/lesexperiencesway.fr\/wp-content\/uploads\/2026\/02\/APERO_PEINTURE_AIX_EN_PROVENCE_LES_EXPERIENCES_WAY_03-1-1536x492.jpg 1536w, https:\/\/lesexperiencesway.fr\/wp-content\/uploads\/2026\/02\/APERO_PEINTURE_AIX_EN_PROVENCE_LES_EXPERIENCES_WAY_03-1.jpg 1920w\" sizes=\"auto, (max-width: 1024px) 100vw, 1024px\" \/><span aria-hidden=\"true\" class=\"wp-block-cover__background has-background-dim-0 has-background-dim\" style=\"background-color:#b8a8c0\"><\/span><div class=\"wp-block-cover__inner-container has-global-padding is-layout-constrained wp-block-cover-is-layout-constrained\">\n<div class=\"wp-block-group has-global-padding is-layout-constrained wp-container-core-group-is-layout-92ef7b19 wp-block-group-is-layout-constrained\">\n<div class=\"wp-block-group is-vertical is-content-justification-center is-layout-flex wp-container-core-group-is-layout-df5e5584 wp-block-group-is-layout-flex\" style=\"padding-top:0;padding-right:2.01rem;padding-bottom:0;padding-left:2.01rem\">\n<h2 class=\"wp-block-heading has-text-align-center has-text-color\" style=\"color:#ffffff;font-size:clamp(1.383rem, 1.383rem + ((1vw - 0.2rem) * 1.595), 2.26rem);font-style:normal;font-weight:500\">Pr\u00eates \u00e0 organiser un EVJF inoubliable ?<\/h2>\n\n\n\n<p class=\"has-text-align-center has-text-color\" style=\"color:#ffffff;font-size:clamp(0.875rem, 0.875rem + ((1vw - 0.2rem) * 0.464), 1.13rem);\">Dites-nous votre date, la taille du groupe\u2026 et on vous pr\u00e9pare une exp\u00e9rience sur mesure !<\/p>\n\n\n\n<div class=\"wp-block-buttons is-layout-flex wp-block-buttons-is-layout-flex\">\n<div class=\"wp-block-button is-style-fill\"><a class=\"wp-block-button__link has-text-color has-background has-custom-font-size wp-element-button\" href=\"mailto:lesexperiencesway@gmail.com\" style=\"border-radius:6px;color:#fffffd;background-color:#203c7d;padding-top:9px;padding-right:50px;padding-bottom:9px;padding-left:50px;font-size:clamp(0.875rem, 0.875rem + ((1vw - 0.2rem) * 0.464), 1.13rem);\">PRIVATISER L&rsquo;ATELIER<\/a><\/div>\n<\/div>\n<\/div>\n<\/div>\n<\/div><\/div>\n","protected":false},"excerpt":{"rendered":"<p>L\u2019activit\u00e9 EVJF id\u00e9ale : cr\u00e9ative, facile et f\u00e9d\u00e9ratrice Organiser un EVJF peut vite devenir un casse-t\u00eate : il faut une activit\u00e9 qui plaise \u00e0 tout le monde. Bonne nouvelle, notre atelier coche toutes les cases : \u2728 accessible aux d\u00e9butantes\u2728 z\u00e9ro comp\u00e9tition\u2728 un vrai moment de partage\u2728 un souvenir ind\u00e9l\u00e9bile \u00e0 emporter\u2728 une vraie exp\u00e9rience [&hellip;]<\/p>\n","protected":false},"author":1,"featured_media":0,"parent":0,"menu_order":0,"comment_status":"closed","ping_status":"closed","template":"","meta":{"footnotes":""},"class_list":["post-13","page","type-page","status-publish","hentry"],"yoast_head":"<!-- This site is optimized with the Yoast SEO plugin v26.9 - https:\/\/yoast.com\/product\/yoast-seo-wordpress\/ -->\n<title>EVJF - Les Exp\u00e9riences WAY<\/title>\n<meta name=\"description\" content=\"Organisez un EVJF original \u00e0 Aix-en-Provence avec un atelier Ap\u00e9ro &amp; Peinture. Une activit\u00e9 conviviale, cr\u00e9ative et accessible \u00e0 toutes pour un moment inoubliable.\" \/>\n<meta name=\"robots\" content=\"index, follow, max-snippet:-1, max-image-preview:large, max-video-preview:-1\" \/>\n<link rel=\"canonical\" href=\"https:\/\/lesexperiencesway.fr\/index.php\/evjf-aix-en-provence-atelier-peinture\/\" \/>\n<meta property=\"og:locale\" content=\"fr_FR\" \/>\n<meta property=\"og:type\" content=\"article\" \/>\n<meta property=\"og:title\" content=\"EVJF - Les Exp\u00e9riences WAY\" \/>\n<meta property=\"og:description\" content=\"Organisez un EVJF original \u00e0 Aix-en-Provence avec un atelier Ap\u00e9ro &amp; Peinture. Une activit\u00e9 conviviale, cr\u00e9ative et accessible \u00e0 toutes pour un moment inoubliable.\" \/>\n<meta property=\"og:url\" content=\"https:\/\/lesexperiencesway.fr\/index.php\/evjf-aix-en-provence-atelier-peinture\/\" \/>\n<meta property=\"og:site_name\" content=\"Les Exp\u00e9riences WAY\" \/>\n<meta property=\"article:modified_time\" content=\"2026-02-13T15:32:47+00:00\" \/>\n<meta property=\"og:image\" content=\"http:\/\/lesexperiencesway.fr\/wp-content\/uploads\/2026\/02\/APERO_PEINTURE_AIX_EN_PROVENCE_LES_EXPERIENCES_WAY_04-1024x331.jpg\" \/>\n<meta name=\"twitter:card\" content=\"summary_large_image\" \/>\n<meta name=\"twitter:label1\" content=\"Dur\u00e9e de lecture estim\u00e9e\" \/>\n\t<meta name=\"twitter:data1\" content=\"3 minutes\" \/>\n<script type=\"application\/ld+json\" class=\"yoast-schema-graph\">{\"@context\":\"https:\/\/schema.org\",\"@graph\":[{\"@type\":\"WebPage\",\"@id\":\"https:\/\/lesexperiencesway.fr\/index.php\/evjf-aix-en-provence-atelier-peinture\/\",\"url\":\"https:\/\/lesexperiencesway.fr\/index.php\/evjf-aix-en-provence-atelier-peinture\/\",\"name\":\"EVJF - Les Exp\u00e9riences WAY\",\"isPartOf\":{\"@id\":\"https:\/\/lesexperiencesway.fr\/#website\"},\"primaryImageOfPage\":{\"@id\":\"https:\/\/lesexperiencesway.fr\/index.php\/evjf-aix-en-provence-atelier-peinture\/#primaryimage\"},\"image\":{\"@id\":\"https:\/\/lesexperiencesway.fr\/index.php\/evjf-aix-en-provence-atelier-peinture\/#primaryimage\"},\"thumbnailUrl\":\"http:\/\/lesexperiencesway.fr\/wp-content\/uploads\/2026\/02\/APERO_PEINTURE_AIX_EN_PROVENCE_LES_EXPERIENCES_WAY_04-1024x331.jpg\",\"datePublished\":\"2026-02-11T13:08:23+00:00\",\"dateModified\":\"2026-02-13T15:32:47+00:00\",\"description\":\"Organisez un EVJF original \u00e0 Aix-en-Provence avec un atelier Ap\u00e9ro & Peinture. Une activit\u00e9 conviviale, cr\u00e9ative et accessible \u00e0 toutes pour un moment inoubliable.\",\"breadcrumb\":{\"@id\":\"https:\/\/lesexperiencesway.fr\/index.php\/evjf-aix-en-provence-atelier-peinture\/#breadcrumb\"},\"inLanguage\":\"fr-FR\",\"potentialAction\":[{\"@type\":\"ReadAction\",\"target\":[\"https:\/\/lesexperiencesway.fr\/index.php\/evjf-aix-en-provence-atelier-peinture\/\"]}]},{\"@type\":\"ImageObject\",\"inLanguage\":\"fr-FR\",\"@id\":\"https:\/\/lesexperiencesway.fr\/index.php\/evjf-aix-en-provence-atelier-peinture\/#primaryimage\",\"url\":\"https:\/\/lesexperiencesway.fr\/wp-content\/uploads\/2026\/02\/APERO_PEINTURE_AIX_EN_PROVENCE_LES_EXPERIENCES_WAY_04.jpg\",\"contentUrl\":\"https:\/\/lesexperiencesway.fr\/wp-content\/uploads\/2026\/02\/APERO_PEINTURE_AIX_EN_PROVENCE_LES_EXPERIENCES_WAY_04.jpg\",\"width\":1920,\"height\":621},{\"@type\":\"BreadcrumbList\",\"@id\":\"https:\/\/lesexperiencesway.fr\/index.php\/evjf-aix-en-provence-atelier-peinture\/#breadcrumb\",\"itemListElement\":[{\"@type\":\"ListItem\",\"position\":1,\"name\":\"Home\",\"item\":\"https:\/\/lesexperiencesway.fr\/\"},{\"@type\":\"ListItem\",\"position\":2,\"name\":\"EVJF\"}]},{\"@type\":\"WebSite\",\"@id\":\"https:\/\/lesexperiencesway.fr\/#website\",\"url\":\"https:\/\/lesexperiencesway.fr\/\",\"name\":\"Les Exp\u00e9riences WAY\",\"description\":\"\",\"potentialAction\":[{\"@type\":\"SearchAction\",\"target\":{\"@type\":\"EntryPoint\",\"urlTemplate\":\"https:\/\/lesexperiencesway.fr\/?s={search_term_string}\"},\"query-input\":{\"@type\":\"PropertyValueSpecification\",\"valueRequired\":true,\"valueName\":\"search_term_string\"}}],\"inLanguage\":\"fr-FR\"}]}<\/script>\n<!-- \/ Yoast SEO plugin. -->","yoast_head_json":{"title":"EVJF - Les Exp\u00e9riences WAY","description":"Organisez un EVJF original \u00e0 Aix-en-Provence avec un atelier Ap\u00e9ro & Peinture. Une activit\u00e9 conviviale, cr\u00e9ative et accessible \u00e0 toutes pour un moment inoubliable.","robots":{"index":"index","follow":"follow","max-snippet":"max-snippet:-1","max-image-preview":"max-image-preview:large","max-video-preview":"max-video-preview:-1"},"canonical":"https:\/\/lesexperiencesway.fr\/index.php\/evjf-aix-en-provence-atelier-peinture\/","og_locale":"fr_FR","og_type":"article","og_title":"EVJF - Les Exp\u00e9riences WAY","og_description":"Organisez un EVJF original \u00e0 Aix-en-Provence avec un atelier Ap\u00e9ro & Peinture. Une activit\u00e9 conviviale, cr\u00e9ative et accessible \u00e0 toutes pour un moment inoubliable.","og_url":"https:\/\/lesexperiencesway.fr\/index.php\/evjf-aix-en-provence-atelier-peinture\/","og_site_name":"Les Exp\u00e9riences WAY","article_modified_time":"2026-02-13T15:32:47+00:00","og_image":[{"url":"http:\/\/lesexperiencesway.fr\/wp-content\/uploads\/2026\/02\/APERO_PEINTURE_AIX_EN_PROVENCE_LES_EXPERIENCES_WAY_04-1024x331.jpg","type":"","width":"","height":""}],"twitter_card":"summary_large_image","twitter_misc":{"Dur\u00e9e de lecture estim\u00e9e":"3 minutes"},"schema":{"@context":"https:\/\/schema.org","@graph":[{"@type":"WebPage","@id":"https:\/\/lesexperiencesway.fr\/index.php\/evjf-aix-en-provence-atelier-peinture\/","url":"https:\/\/lesexperiencesway.fr\/index.php\/evjf-aix-en-provence-atelier-peinture\/","name":"EVJF - Les Exp\u00e9riences WAY","isPartOf":{"@id":"https:\/\/lesexperiencesway.fr\/#website"},"primaryImageOfPage":{"@id":"https:\/\/lesexperiencesway.fr\/index.php\/evjf-aix-en-provence-atelier-peinture\/#primaryimage"},"image":{"@id":"https:\/\/lesexperiencesway.fr\/index.php\/evjf-aix-en-provence-atelier-peinture\/#primaryimage"},"thumbnailUrl":"http:\/\/lesexperiencesway.fr\/wp-content\/uploads\/2026\/02\/APERO_PEINTURE_AIX_EN_PROVENCE_LES_EXPERIENCES_WAY_04-1024x331.jpg","datePublished":"2026-02-11T13:08:23+00:00","dateModified":"2026-02-13T15:32:47+00:00","description":"Organisez un EVJF original \u00e0 Aix-en-Provence avec un atelier Ap\u00e9ro & Peinture. Une activit\u00e9 conviviale, cr\u00e9ative et accessible \u00e0 toutes pour un moment inoubliable.","breadcrumb":{"@id":"https:\/\/lesexperiencesway.fr\/index.php\/evjf-aix-en-provence-atelier-peinture\/#breadcrumb"},"inLanguage":"fr-FR","potentialAction":[{"@type":"ReadAction","target":["https:\/\/lesexperiencesway.fr\/index.php\/evjf-aix-en-provence-atelier-peinture\/"]}]},{"@type":"ImageObject","inLanguage":"fr-FR","@id":"https:\/\/lesexperiencesway.fr\/index.php\/evjf-aix-en-provence-atelier-peinture\/#primaryimage","url":"https:\/\/lesexperiencesway.fr\/wp-content\/uploads\/2026\/02\/APERO_PEINTURE_AIX_EN_PROVENCE_LES_EXPERIENCES_WAY_04.jpg","contentUrl":"https:\/\/lesexperiencesway.fr\/wp-content\/uploads\/2026\/02\/APERO_PEINTURE_AIX_EN_PROVENCE_LES_EXPERIENCES_WAY_04.jpg","width":1920,"height":621},{"@type":"BreadcrumbList","@id":"https:\/\/lesexperiencesway.fr\/index.php\/evjf-aix-en-provence-atelier-peinture\/#breadcrumb","itemListElement":[{"@type":"ListItem","position":1,"name":"Home","item":"https:\/\/lesexperiencesway.fr\/"},{"@type":"ListItem","position":2,"name":"EVJF"}]},{"@type":"WebSite","@id":"https:\/\/lesexperiencesway.fr\/#website","url":"https:\/\/lesexperiencesway.fr\/","name":"Les Exp\u00e9riences WAY","description":"","potentialAction":[{"@type":"SearchAction","target":{"@type":"EntryPoint","urlTemplate":"https:\/\/lesexperiencesway.fr\/?s={search_term_string}"},"query-input":{"@type":"PropertyValueSpecification","valueRequired":true,"valueName":"search_term_string"}}],"inLanguage":"fr-FR"}]}},"_links":{"self":[{"href":"https:\/\/lesexperiencesway.fr\/index.php\/wp-json\/wp\/v2\/pages\/13","targetHints":{"allow":["GET"]}}],"collection":[{"href":"https:\/\/lesexperiencesway.fr\/index.php\/wp-json\/wp\/v2\/pages"}],"about":[{"href":"https:\/\/lesexperiencesway.fr\/index.php\/wp-json\/wp\/v2\/types\/page"}],"author":[{"embeddable":true,"href":"https:\/\/lesexperiencesway.fr\/index.php\/wp-json\/wp\/v2\/users\/1"}],"replies":[{"embeddable":true,"href":"https:\/\/lesexperiencesway.fr\/index.php\/wp-json\/wp\/v2\/comments?post=13"}],"version-history":[{"count":14,"href":"https:\/\/lesexperiencesway.fr\/index.php\/wp-json\/wp\/v2\/pages\/13\/revisions"}],"predecessor-version":[{"id":169,"href":"https:\/\/lesexperiencesway.fr\/index.php\/wp-json\/wp\/v2\/pages\/13\/revisions\/169"}],"wp:attachment":[{"href":"https:\/\/lesexperiencesway.fr\/index.php\/wp-json\/wp\/v2\/media?parent=13"}],"curies":[{"name":"wp","href":"https:\/\/api.w.org\/{rel}","templated":true}]}}